{"id":3993,"date":"2020-06-25T14:13:40","date_gmt":"2020-06-25T12:13:40","guid":{"rendered":"https:\/\/bibliodos.eu\/i-partner\/"},"modified":"2020-10-26T14:34:45","modified_gmt":"2020-10-26T13:34:45","slug":"i-partner","status":"publish","type":"page","link":"https:\/\/bibliodos.eu\/it\/i-partner\/","title":{"rendered":"I partner"},"content":{"rendered":"<p>[et_pb_section fb_built=&#8221;1&#8243; _builder_version=&#8221;4.4.7&#8243; background_image=&#8221;https:\/\/bibliodos.eu\/wp-content\/uploads\/2020\/03\/footer-bg-1-e1593699325814.png&#8221; background_position=&#8221;top_left&#8221; height=&#8221;200px&#8221; custom_padding=&#8221;||||false|false&#8221; locked=&#8221;off&#8221;][\/et_pb_section][et_pb_section fb_built=&#8221;1&#8243; _builder_version=&#8221;4.4.1&#8243; background_color=&#8221;#f4f4f4&#8243;][et_pb_row _builder_version=&#8221;4.4.1&#8243; background_color=&#8221;#ffffff&#8221; max_width=&#8221;none&#8221; custom_margin=&#8221;-150px||50px||false|false&#8221; custom_padding=&#8221;||150px||false|false&#8221; box_shadow_style=&#8221;preset5&#8243; box_shadow_vertical=&#8221;1px&#8221; box_shadow_blur=&#8221;30px&#8221; box_shadow_spread=&#8221;-12px&#8221;][et_pb_column type=&#8221;4_4&#8243; _builder_version=&#8221;4.4.1&#8243;][et_pb_text _builder_version=&#8221;4.4.1&#8243; text_text_color=&#8221;#000000&#8243; text_font_size=&#8221;16px&#8221; header_font=&#8221;|700|||||||&#8221; header_text_align=&#8221;center&#8221; header_text_color=&#8221;#3d407a&#8221; header_font_size=&#8221;40px&#8221; header_line_height=&#8221;2.2em&#8221; background_color=&#8221;rgba(0,0,0,0)&#8221; width=&#8221;90%&#8221; module_alignment=&#8221;center&#8221; custom_margin=&#8221;||||false|false&#8221; custom_padding=&#8221;||||false|false&#8221;]<\/p>\n<h1>I partner<\/h1>\n<p style=\"font-weight: bold;\">Il progetto BIBLIODOS \u00e8 stato sviluppato da un consorzio europeo nell&#8217;ambito di un progetto Erasmus+ KA2 per l&#8217;educazione degli adulti a cui organizzazioni pubbliche e private partecipano in cinque diversi paesi (Francia, Belgio, Italia, Grecia, Cipro)<\/p>\n<p>[\/et_pb_text][et_pb_text _builder_version=&#8221;4.4.7&#8243; text_font=&#8221;|||on|||||&#8221; text_text_color=&#8221;#000000&#8243; text_font_size=&#8221;16px&#8221; header_font=&#8221;|700|||||||&#8221; header_text_color=&#8221;#000000&#8243; header_2_font=&#8221;|700|||||||&#8221; header_2_text_color=&#8221;#000000&#8243; width=&#8221;90%&#8221; module_alignment=&#8221;center&#8221; custom_padding=&#8221;50px||||false|false&#8221; custom_css_main_element=&#8221;display: flex;&#8221; custom_css_before_last_edited=&#8221;off|phone&#8221; custom_css_main_element_last_edited=&#8221;off|desktop&#8221;]<\/p>\n<div class=\"flex\">\n<div class=\"flag flagFR\"><\/div>\n<div class=\"partnerBlock\">\n<h2>Les Apprimeurs<\/h2>\n<p>Francia<\/p>\n<\/div>\n<\/div>\n<p>[\/et_pb_text][et_pb_text _builder_version=&#8221;4.4.1&#8243; text_text_color=&#8221;#000000&#8243; text_font_size=&#8221;16px&#8221; width=&#8221;90%&#8221; module_alignment=&#8221;center&#8221;]Les Apprimeurs \u00e8 una societ\u00e0 francese specializzata nella creazione di soluzioni digitali su misura per i settori dell&#8217;istruzione, della cultura e della formazione.[\/et_pb_text][et_pb_code _builder_version=&#8221;4.4.7&#8243; width=&#8221;90%&#8221; module_alignment=&#8221;center&#8221;]<a href=\"http:\/\/www.lesapprimeurs.com\" class=\"partnerButton\"><img decoding=\"async\" src=\"https:\/\/bibliodos.eu\/wp-content\/uploads\/2020\/04\/web.png\" width=\"26px\"\/><\/a><!-- [et_pb_line_break_holder] --><a href=\"https:\/\/www.facebook.com\/lesapprimeurs\/\" class=\"partnerButton\"><img decoding=\"async\" src=\"https:\/\/bibliodos.eu\/wp-content\/uploads\/2020\/04\/fb.png\" width=\"12px\"\/><\/a><!-- [et_pb_line_break_holder] -->[\/et_pb_code][et_pb_text _builder_version=&#8221;4.4.7&#8243; text_font=&#8221;|||on|||||&#8221; text_text_color=&#8221;#000000&#8243; text_font_size=&#8221;16px&#8221; header_font=&#8221;|700|||||||&#8221; header_text_color=&#8221;#000000&#8243; header_2_font=&#8221;|700|||||||&#8221; header_2_text_color=&#8221;#000000&#8243; width=&#8221;90%&#8221; module_alignment=&#8221;center&#8221; custom_padding=&#8221;50px||||false|false&#8221; custom_css_main_element=&#8221;display: flex;&#8221; custom_css_before_last_edited=&#8221;off|phone&#8221; custom_css_main_element_last_edited=&#8221;off|desktop&#8221;]<\/p>\n<div class=\"flex\">\n<div class=\"flag flagFR\"><\/div>\n<div class=\"partnerBlock\">\n<h2>Langues plurielles<\/h2>\n<p>Francia<\/p>\n<\/div>\n<\/div>\n<p>[\/et_pb_text][et_pb_text _builder_version=&#8221;4.4.1&#8243; text_text_color=&#8221;#000000&#8243; text_font_size=&#8221;16px&#8221; width=&#8221;90%&#8221; module_alignment=&#8221;center&#8221; locked=&#8221;off&#8221;]Langues Plurielles \u00e8 un&#8217;organizzazione di formazione linguistica, aperta all&#8217;ambiente professionale, sociale e culturale. La nostra convinzione \u00e8 che la conoscenza delle lingue ci consente di comprendere e interagire meglio con il mondo. Le esigenze linguistiche sono molteplici per i lavoratori\/lavoratrici poco francofoni, persone illetterate o analfabete, coloro che lavorano a livello internazionale o viaggiatori&#8230;<\/p>\n<p>Per soddisfare questa esigenza, progettiamo corsi di formazione basati sugli obiettivi, i desideri e le risorse di ogni discente, nel desiderio pedagogico di co-costruire con i nostri partner e\/o clienti, e soprattutto in modo divertente![\/et_pb_text][et_pb_code _builder_version=&#8221;4.4.7&#8243; width=&#8221;90%&#8221; module_alignment=&#8221;center&#8221; locked=&#8221;off&#8221;]<a href=\"https:\/\/langues-plurielles.fr\/\" class=\"partnerButton\"><img decoding=\"async\" src=\"https:\/\/bibliodos.eu\/wp-content\/uploads\/2020\/04\/web.png\" width=\"26px\"\/><\/a><!-- [et_pb_line_break_holder] --><a href=\"https:\/\/www.facebook.com\/languesplurielles\/\" class=\"partnerButton\"><img decoding=\"async\" src=\"https:\/\/bibliodos.eu\/wp-content\/uploads\/2020\/04\/fb.png\" width=\"12px\"\/><\/a><!-- [et_pb_line_break_holder] -->[\/et_pb_code][et_pb_text _builder_version=&#8221;4.4.7&#8243; text_font=&#8221;|||on|||||&#8221; text_text_color=&#8221;#000000&#8243; text_font_size=&#8221;16px&#8221; header_font=&#8221;|700|||||||&#8221; header_text_color=&#8221;#000000&#8243; header_2_font=&#8221;|700|||||||&#8221; header_2_text_color=&#8221;#000000&#8243; width=&#8221;90%&#8221; module_alignment=&#8221;center&#8221; custom_padding=&#8221;50px||||false|false&#8221; custom_css_main_element=&#8221;display: flex;&#8221; custom_css_before_last_edited=&#8221;off|phone&#8221; custom_css_main_element_last_edited=&#8221;off|desktop&#8221;]<\/p>\n<div class=\"flex\">\n<div class=\"flag flagBE\"><\/div>\n<div class=\"partnerBlock\">\n<h2>LogoPsyCom<\/h2>\n<p>Belgio<\/p>\n<\/div>\n<\/div>\n<p>[\/et_pb_text][et_pb_text _builder_version=&#8221;4.6.5&#8243; text_text_color=&#8221;#000000&#8243; text_font_size=&#8221;16px&#8221; width=&#8221;90%&#8221; module_alignment=&#8221;center&#8221; hover_enabled=&#8221;0&#8243; locked=&#8221;off&#8221; sticky_enabled=&#8221;0&#8243;]<\/p>\n<p>Logopsycom \u00e8 un centro di innovazione educativa che crea e utilizza metodi o strumenti alternativi (digitali e non) per accompagnare scuole, centri di formazione professionale, organizzazioni educative, giovani e genitori. Nasce inizialmente come azienda di assistenza, specializzata sui disturbi dell&#8217;apprendimento tra i giovani, soprattutto in disprassia, disfasia, dislessia, denominate anche &#8220;Disturbi Specifici dell&#8217;Apprendimento&#8221; (DSA) e quindi lavora sempre sull&#8217;accessibilit\u00e0 dei contenuti.<\/p>\n<p>[\/et_pb_text][et_pb_code _builder_version=&#8221;4.4.7&#8243; width=&#8221;90%&#8221; module_alignment=&#8221;center&#8221; locked=&#8221;off&#8221;]<a href=\"https:\/\/logopsycom.com\/\" class=\"partnerButton\"><img decoding=\"async\" src=\"https:\/\/bibliodos.eu\/wp-content\/uploads\/2020\/04\/web.png\" width=\"26px\"\/><\/a><!-- [et_pb_line_break_holder] --><a href=\"https:\/\/www.facebook.com\/Logopsycom\/\" class=\"partnerButton\"><img decoding=\"async\" src=\"https:\/\/bibliodos.eu\/wp-content\/uploads\/2020\/04\/fb.png\" width=\"12px\"\/><\/a>[\/et_pb_code][et_pb_text _builder_version=&#8221;4.4.7&#8243; text_font=&#8221;|||on|||||&#8221; text_text_color=&#8221;#000000&#8243; text_font_size=&#8221;16px&#8221; header_font=&#8221;|700|||||||&#8221; header_text_color=&#8221;#000000&#8243; header_2_font=&#8221;|700|||||||&#8221; header_2_text_color=&#8221;#000000&#8243; width=&#8221;90%&#8221; module_alignment=&#8221;center&#8221; custom_padding=&#8221;50px||||false|false&#8221; custom_css_main_element=&#8221;display: flex;&#8221; custom_css_before_last_edited=&#8221;off|phone&#8221; custom_css_main_element_last_edited=&#8221;off|desktop&#8221;]<\/p>\n<div class=\"flex\">\n<div class=\"flag flagIT\"><\/div>\n<div class=\"partnerBlock\">\n<h2>Istituto dei Sordi di Torino<\/h2>\n<p>Italia<\/p>\n<\/div>\n<\/div>\n<p>[\/et_pb_text][et_pb_text _builder_version=&#8221;4.4.1&#8243; text_text_color=&#8221;#000000&#8243; text_font_size=&#8221;16px&#8221; width=&#8221;90%&#8221; module_alignment=&#8221;center&#8221; locked=&#8221;off&#8221;]L&#8217;Istituto dei Sordi \u00e8 una delle scuole pi\u00f9 antiche per sordi in Italia. \u00c8 stata fondata nel 1814 e collabora con circa 250 studenti sordi dall&#8217;asilo all&#8217;universit\u00e0.[\/et_pb_text][et_pb_code _builder_version=&#8221;4.4.7&#8243; width=&#8221;90%&#8221; module_alignment=&#8221;center&#8221; locked=&#8221;off&#8221;]<a href=\"http:\/\/www.istitutosorditorino.org\" class=\"partnerButton\"><img decoding=\"async\" src=\"https:\/\/bibliodos.eu\/wp-content\/uploads\/2020\/04\/web.png\" width=\"26px\"\/><\/a><!-- [et_pb_line_break_holder] --><a href=\"https:\/\/www.facebook.com\/Istituto-dei-Sordi-di-Torino-148350511989647\/\" class=\"partnerButton\"><img decoding=\"async\" src=\"https:\/\/bibliodos.eu\/wp-content\/uploads\/2020\/04\/fb.png\" width=\"12px\"\/><\/a><!-- [et_pb_line_break_holder] -->[\/et_pb_code][et_pb_text _builder_version=&#8221;4.5.8&#8243; text_font=&#8221;|||on|||||&#8221; text_text_color=&#8221;#000000&#8243; text_font_size=&#8221;16px&#8221; header_font=&#8221;|700|||||||&#8221; header_text_color=&#8221;#000000&#8243; header_2_font=&#8221;|700|||||||&#8221; header_2_text_color=&#8221;#000000&#8243; width=&#8221;90%&#8221; module_alignment=&#8221;center&#8221; custom_padding=&#8221;50px||||false|false&#8221; custom_css_main_element=&#8221;display: flex;&#8221; custom_css_before_last_edited=&#8221;off|phone&#8221; custom_css_main_element_last_edited=&#8221;off|desktop&#8221;]<\/p>\n<div class=\"flex\">\n<div class=\"flag flagGR\"><\/div>\n<div class=\"partnerBlock\">\n<h2>MYARTIST<\/h2>\n<p>Grecia<\/p>\n<\/div>\n<\/div>\n<p>[\/et_pb_text][et_pb_text _builder_version=&#8221;4.4.1&#8243; text_text_color=&#8221;#000000&#8243; text_font_size=&#8221;16px&#8221; width=&#8221;90%&#8221; module_alignment=&#8221;center&#8221; locked=&#8221;off&#8221;]Ispirato dall&#8217;articolo 27 della Dichiarazione universale dei diritti umani, &#8220;Ognuno ha il diritto di partecipare liberamente alla vita culturale della comunit\u00e0, [e] godersi l&#8217;arte&#8221;, MYARTIST \u00e8 un ponte tra artisti e societ\u00e0. MYARTIST \u00e8 un&#8217;impresa cooperativa sociale, fondata nel 2018, specializzata nella fornitura di servizi di interesse generale o nel reinserimento, attraverso lavoro, coaching, consulenza e tutoraggio, di artisti svantaggiati ed emarginati (disabili, disoccupati da lungo tempo, ex carcerati, tossicodipendenti, ecc.) MYARTIST offre servizi di gestione, coaching, tutoraggio e consulenza ai laureati di &#8220;scuole d&#8217;arte&#8221;, invitando le aziende a &#8220;adottare&#8221; un artista e a coprire i costi operativi (al fine di creare un tavolo, una scultura, per organizzare una mostra fotografica, ecc.) MYARTIST collega talenti creativi con aziende di eccellenza. Dalla sinergia tra la compagnia e l&#8217;artista nasce una collezione d&#8217;arte senza precedenti, una testimonianza eccezionale e innovativa di un&#8217;identit\u00e0 come artista imprenditoriale. In questo modo, MYARTIST mira a rendere l&#8217;arte uno strumento importante per favorire il dialogo tra diversi popoli, culture e visioni del mondo al fine di incoraggiare la tolleranza e la solidariet\u00e0 nella difesa dei diritti umani, sottolineando l&#8217;importanza del rapporto tra l&#8217;artista e le questioni pi\u00f9 urgenti del nostro tempo.[\/et_pb_text][et_pb_code _builder_version=&#8221;4.4.7&#8243; width=&#8221;90%&#8221; module_alignment=&#8221;center&#8221; locked=&#8221;off&#8221;]<a href=\"https:\/\/myartist.gr\/\" class=\"partnerButton\"><img decoding=\"async\" src=\"https:\/\/bibliodos.eu\/wp-content\/uploads\/2020\/04\/web.png\" width=\"26px\"\/><\/a><!-- [et_pb_line_break_holder] --><a href=\"https:\/\/www.facebook.com\/MyArtistgr\/\" class=\"partnerButton\"><img decoding=\"async\" src=\"https:\/\/bibliodos.eu\/wp-content\/uploads\/2020\/04\/fb.png\" width=\"12px\"\/><\/a>[\/et_pb_code][et_pb_text _builder_version=&#8221;4.4.7&#8243; text_font=&#8221;|||on|||||&#8221; text_text_color=&#8221;#000000&#8243; text_font_size=&#8221;16px&#8221; header_font=&#8221;|700|||||||&#8221; header_text_color=&#8221;#000000&#8243; header_2_font=&#8221;|700|||||||&#8221; header_2_text_color=&#8221;#000000&#8243; width=&#8221;90%&#8221; module_alignment=&#8221;center&#8221; custom_padding=&#8221;50px||||false|false&#8221; custom_css_main_element=&#8221;display: flex;&#8221; custom_css_before_last_edited=&#8221;off|phone&#8221; custom_css_main_element_last_edited=&#8221;off|desktop&#8221;]<\/p>\n<div class=\"flex\">\n<div class=\"flag flagCY\"><\/div>\n<div class=\"partnerBlock\">\n<h2>Citizens In Power<\/h2>\n<p>Cipro<\/p>\n<\/div>\n<\/div>\n<p>[\/et_pb_text][et_pb_text _builder_version=&#8221;4.4.1&#8243; text_text_color=&#8221;#000000&#8243; text_font_size=&#8221;16px&#8221; width=&#8221;90%&#8221; module_alignment=&#8221;center&#8221; locked=&#8221;off&#8221;]Citizens In Power (CIP) \u00e8 un&#8217;organizzazione non governativa senza scopo di lucro di Cipro che risponde ai bisogni e alle esigenze della popolazione attraverso il suo impegno per la vita sociale e civile, fornendo loro contenuti innovativi e formazione gratuita in una variet\u00e0 di aree, come l&#8217;istruzione (soprattutto online), l&#8217;inclusione, il mercato del lavoro e la formazione continua. Il CIP mira principalmente allo sviluppo dell&#8217;istruzione, dell&#8217;imprenditorialit\u00e0 e dell&#8217;apprendimento permanente a Cipro e all&#8217;estero. Per raggiungere questi obiettivi, il CIP ha una collaborazione continua con rinomate universit\u00e0, scuole, ONG e organizzazioni di ricerca a Cipro per lo sviluppo di progetti, formazione e contenuti educativi. CIP ha una preziosa rete di formatori ed esperti educativi con esperienza nell&#8217;istruzione formale e informale.[\/et_pb_text][et_pb_code _builder_version=&#8221;4.4.7&#8243; width=&#8221;90%&#8221; module_alignment=&#8221;center&#8221; locked=&#8221;off&#8221;]<a href=\"https:\/\/www.citizensinpower.org\/\" class=\"partnerButton\"><img decoding=\"async\" src=\"https:\/\/bibliodos.eu\/wp-content\/uploads\/2020\/04\/web.png\" width=\"26px\"\/><\/a><!-- [et_pb_line_break_holder] --><a href=\"https:\/\/www.facebook.com\/citizensinpower\/\" class=\"partnerButton\"><img decoding=\"async\" src=\"https:\/\/bibliodos.eu\/wp-content\/uploads\/2020\/04\/fb.png\" width=\"12px\"\/><\/a><!-- [et_pb_line_break_holder] -->[\/et_pb_code][\/et_pb_column][\/et_pb_row][\/et_pb_section]<\/p>\n","protected":false},"excerpt":{"rendered":"<p>I partner Il progetto BIBLIODOS \u00e8 stato sviluppato da un consorzio europeo nell&#8217;ambito di un progetto Erasmus+ KA2 per l&#8217;educazione degli adulti a cui organizzazioni pubbliche e private partecipano in cinque diversi paesi (Francia, Belgio, Italia, Grecia, Cipro) Les Apprimeurs Francia Les Apprimeurs \u00e8 una societ\u00e0 francese specializzata nella creazione di soluzioni digitali su misura [&hellip;]<\/p>\n","protected":false},"author":1,"featured_media":0,"parent":0,"menu_order":0,"comment_status":"closed","ping_status":"closed","template":"","meta":{"_acf_changed":false,"_et_pb_use_builder":"on","_et_pb_old_content":"","_et_gb_content_width":"","inline_featured_image":false,"footnotes":""},"acf":[],"_links":{"self":[{"href":"https:\/\/bibliodos.eu\/it\/wp-json\/wp\/v2\/pages\/3993"}],"collection":[{"href":"https:\/\/bibliodos.eu\/it\/wp-json\/wp\/v2\/pages"}],"about":[{"href":"https:\/\/bibliodos.eu\/it\/wp-json\/wp\/v2\/types\/page"}],"author":[{"embeddable":true,"href":"https:\/\/bibliodos.eu\/it\/wp-json\/wp\/v2\/users\/1"}],"replies":[{"embeddable":true,"href":"https:\/\/bibliodos.eu\/it\/wp-json\/wp\/v2\/comments?post=3993"}],"version-history":[{"count":0,"href":"https:\/\/bibliodos.eu\/it\/wp-json\/wp\/v2\/pages\/3993\/revisions"}],"wp:attachment":[{"href":"https:\/\/bibliodos.eu\/it\/wp-json\/wp\/v2\/media?parent=3993"}],"curies":[{"name":"wp","href":"https:\/\/api.w.org\/{rel}","templated":true}]}}