{"id":3975,"date":"2020-06-25T13:42:13","date_gmt":"2020-06-25T11:42:13","guid":{"rendered":"https:\/\/bibliodos.eu\/menzioni-legali\/"},"modified":"2020-07-08T10:28:07","modified_gmt":"2020-07-08T08:28:07","slug":"menzioni-legali","status":"publish","type":"page","link":"https:\/\/bibliodos.eu\/it\/menzioni-legali\/","title":{"rendered":"Menzioni legali"},"content":{"rendered":"<p>[et_pb_section fb_built=&#8221;1&#8243; _builder_version=&#8221;4.4.7&#8243; background_image=&#8221;https:\/\/bibliodos.eu\/wp-content\/uploads\/2020\/03\/footer-bg-1-e1593699325814.png&#8221; background_position=&#8221;top_left&#8221; height=&#8221;200px&#8221; custom_padding=&#8221;||||false|false&#8221; hover_enabled=&#8221;0&#8243; locked=&#8221;off&#8221; title_text=&#8221;footer-bg&#8221;][\/et_pb_section][et_pb_section fb_built=&#8221;1&#8243; _builder_version=&#8221;4.4.1&#8243; background_color=&#8221;#f4f4f4&#8243;][et_pb_row _builder_version=&#8221;4.4.1&#8243; background_color=&#8221;#ffffff&#8221; max_width=&#8221;none&#8221; custom_margin=&#8221;-150px||50px||false|false&#8221; custom_padding=&#8221;||150px||false|false&#8221; box_shadow_style=&#8221;preset5&#8243; box_shadow_vertical=&#8221;1px&#8221; box_shadow_blur=&#8221;30px&#8221; box_shadow_spread=&#8221;-12px&#8221;][et_pb_column type=&#8221;4_4&#8243; _builder_version=&#8221;4.4.1&#8243;][et_pb_text _builder_version=&#8221;4.4.1&#8243; text_text_color=&#8221;#000000&#8243; text_font_size=&#8221;16px&#8221; header_font=&#8221;|700|||||||&#8221; header_text_align=&#8221;center&#8221; header_text_color=&#8221;#3d407a&#8221; header_font_size=&#8221;40px&#8221; header_line_height=&#8221;2.2em&#8221; background_color=&#8221;rgba(0,0,0,0)&#8221; width=&#8221;90%&#8221; module_alignment=&#8221;center&#8221; custom_margin=&#8221;||||false|false&#8221; custom_padding=&#8221;||||false|false&#8221;]<\/p>\n<h1>Menzioni legali<\/h1>\n<p>[\/et_pb_text][et_pb_text _builder_version=&#8221;4.4.1&#8243; text_text_color=&#8221;#000000&#8243; text_font_size=&#8221;16px&#8221; header_font=&#8221;|700|||||||&#8221; header_text_align=&#8221;center&#8221; header_text_color=&#8221;#3d407a&#8221; header_font_size=&#8221;40px&#8221; header_line_height=&#8221;2.2em&#8221; header_3_font=&#8221;|700||on|||||&#8221; header_3_line_height=&#8221;2em&#8221; background_color=&#8221;rgba(0,0,0,0)&#8221; width=&#8221;90%&#8221; module_alignment=&#8221;center&#8221; custom_margin=&#8221;||||false|false&#8221; custom_padding=&#8221;||||false|false&#8221;]<\/p>\n<h3>Pubblicazioni del sito web<\/h3>\n<p>Il sito web www.bibliodos.eu (di seguito \u201cil sito Web\u201d) \u00e8 pubblicato da Les Apprimeurs &#8211; 3, rue de l&#8217;arriv\u00e9e &#8211; 75015 Parigi (Numero di registrazione ufficiale: 793 932 245 R.C.S Parigi)<\/p>\n<p>Bibliodos (2019-1-FR01-KA204-063101) \u00e8 un progetto di partenariato strategico Erasmus+ KA204 per l&#8217;educazione degli adulti creato da numerosi partner europei. Il progetto \u00e8 finanziato con il sostegno della Commissione europea. Questa pubblicazione \u00e8 di esclusiva responsabilit\u00e0 dell&#8217;autore e la Commissione non \u00e8 responsabile per le informazioni in essa contenute.<\/p>\n<p>Les Apprimeurs \u00e8 responsabile della sua pubblicazione.<\/p>\n<h3>Creazione del contenuto del sito Web<\/h3>\n<p>Direttore della pubblicazione e gestore dei contenuti del sito Web:<br \/>\nJulie Guilleminot &#8211; Les Apprimeurs Progettazione e sviluppo della piattaforma: Les Apprimeurs<\/p>\n<p>Host Web<br \/>\nIl sito Web \u00e8 ospitato da 1&amp;1 Internet SARL Indirizzo: 7, place de la Gare, 57200 Sarreguemines Cedex SIREN: Sarreguemine RCS B 431 303 775<\/p>\n<p>&nbsp;[\/et_pb_text][et_pb_text _builder_version=&#8221;4.4.7&#8243; text_text_color=&#8221;#000000&#8243; text_font_size=&#8221;16px&#8221; header_font=&#8221;|700|||||||&#8221; header_text_align=&#8221;center&#8221; header_text_color=&#8221;#3d407a&#8221; header_font_size=&#8221;40px&#8221; header_line_height=&#8221;2.2em&#8221; header_3_font=&#8221;|700||on|||||&#8221; header_3_line_height=&#8221;2em&#8221; background_color=&#8221;rgba(0,0,0,0)&#8221; width=&#8221;90%&#8221; module_alignment=&#8221;center&#8221; custom_margin=&#8221;||||false|false&#8221; custom_padding=&#8221;||||false|false&#8221; locked=&#8221;off&#8221;]<\/p>\n<h3>Raccolta dati<\/h3>\n<p>Le informazioni raccolte sul sito Web vengono utilizzate principalmente dall&#8217;editore per gestire i rapporti con l&#8217;utente del sito Web e possono essere utilizzate per inviare informazioni sui nuovi contenuti pubblicati sulla piattaforma. Le statistiche anonime sull&#8217;uso vengono inviate alle autorit\u00e0 europee. Viene registrato nell&#8217;account cliente dell&#8217;utente, nonch\u00e9 nei file del publisher generati dall&#8217;account personale dell&#8217;utente.<\/p>\n<p>In conformit\u00e0 con le disposizioni della legge francese modificata 78-17 del 6 gennaio 1978 sulla protezione dei dati, si informa che l&#8217;editore tratter\u00e0 i dati personali automaticamente, soprattutto quando si \u00e8 collegati al sito Web o nel caso di moduli online compilati da te. Puoi esercitare il diritto di accedere, interrogare, modificare ed eliminare le informazioni che ti riguardano in qualsiasi momento contattando l&#8217;editore, tramite il sito Web nella sezione &#8220;Contatti&#8221; o via e-mail a: contact@bibliodos.eu<\/p>\n<p>Le informazioni raccolte possono essere trasmesse a terzi contrattati dall&#8217;editore per eseguire attivit\u00e0 delegate necessarie per l&#8217;amministrazione del tuo account. Puoi opporti a questo trasferimento di informazioni esprimendo il tuo disaccordo attraverso i canali di contatto di cui sopra. In caso di violazione delle disposizioni legali o statutarie, queste informazioni possono essere trasmesse alle autorit\u00e0 legali in caso di richiesta esplicita e giustificata. Se sono richiesti alcuni dettagli per poter accedere ad alcune funzionalit\u00e0 del sito, l&#8217;editore indicher\u00e0 la loro natura obbligatoria nella fase di immissione delle informazioni.[\/et_pb_text][et_pb_text _builder_version=&#8221;4.4.1&#8243; text_text_color=&#8221;#000000&#8243; text_font_size=&#8221;16px&#8221; header_font=&#8221;|700|||||||&#8221; header_text_align=&#8221;center&#8221; header_text_color=&#8221;#3d407a&#8221; header_font_size=&#8221;40px&#8221; header_line_height=&#8221;2.2em&#8221; header_3_font=&#8221;|700||on|||||&#8221; header_3_line_height=&#8221;2em&#8221; background_color=&#8221;rgba(0,0,0,0)&#8221; width=&#8221;90%&#8221; module_alignment=&#8221;center&#8221; custom_margin=&#8221;||||false|false&#8221; custom_padding=&#8221;||||false|false&#8221; locked=&#8221;off&#8221;]<\/p>\n<h3>Cookies<\/h3>\n<p>Il sito Web pu\u00f2 raccogliere automaticamente informazioni standard, come dati personalizzati che consentono al sito Web di identificare i suoi visitatori. Tutte le informazioni raccolte indirettamente verranno utilizzate solo per tracciare il volume, il tipo e la configurazione del traffico verso il sito Web, al fine di migliorarne la progettazione e il layout, per altri scopi amministrativi e di pianificazione e, pi\u00f9 in generale, per migliorare il servizio che offriamo. Puoi rifiutare l&#8217;uso dei cookie sul tuo dispositivo.<\/p>\n<h3>Diritti di propriet\u00e0 intellettuale<\/h3>\n<p>Tutti i contenuti sono distribuiti sotto Licenza Creative Commons: Attribuzione &#8211; Non commerciale &#8211; ShareAlike 4.0 International CC BY-NC-SA 4.0.<\/p>\n<p>Salvo diversamente specificato, sei libero di:<br \/>\nCondividre: copiare e ridistribuire il materiale in qualsiasi supporto o formato Adattare &#8211; remixare, trasformare e costruire sul materiale Il licenziante non pu\u00f2 revocare queste libert\u00e0 fintanto che segui i termini della licenza.<\/p>\n<p>In base ai seguenti termini:<br \/>\nAttribuzione: \u00e8 necessario fornire un credito adeguato, fornire un collegamento alla licenza e indicare se sono state apportate modifiche. Puoi farlo in qualsiasi modo ragionevole, ma non in alcun modo che suggerisca al licenziante di approvare te o il tuo utilizzo. Non commerciale &#8211; Non \u00e8 possibile utilizzare il materiale per scopi commerciali. Condividi allo stesso modo &#8211; Se remixi, trasformi o sviluppi il materiale, devi distribuire i tuoi contributi con la stessa licenza dell&#8217;originale.<\/p>\n<h3>Collegamenti ipertestuali<\/h3>\n<p>Il sito Web pu\u00f2 contenere collegamenti ipertestuali che portano ad altri siti Web, pubblicati e gestiti da terze parti, non dall&#8217;editore. L&#8217;editore non pu\u00f2 essere ritenuto direttamente o indirettamente responsabile qualora questi siti Web di terzi non rispettino le disposizioni di legge. I collegamenti ipertestuali al sito Web richiedono l&#8217;autorizzazione scritta preventiva dell&#8217;editore.[\/et_pb_text][\/et_pb_column][\/et_pb_row][\/et_pb_section]<\/p>\n","protected":false},"excerpt":{"rendered":"<p>Menzioni legaliPubblicazioni del sito web Il sito web www.bibliodos.eu (di seguito \u201cil sito Web\u201d) \u00e8 pubblicato da Les Apprimeurs &#8211; 3, rue de l&#8217;arriv\u00e9e &#8211; 75015 Parigi (Numero di registrazione ufficiale: 793 932 245 R.C.S Parigi) Bibliodos (2019-1-FR01-KA204-063101) \u00e8 un progetto di partenariato strategico Erasmus+ KA204 per l&#8217;educazione degli adulti creato da numerosi partner europei. [&hellip;]<\/p>\n","protected":false},"author":1,"featured_media":0,"parent":0,"menu_order":0,"comment_status":"closed","ping_status":"closed","template":"","meta":{"_acf_changed":false,"_et_pb_use_builder":"on","_et_pb_old_content":"","_et_gb_content_width":"","inline_featured_image":false,"footnotes":""},"acf":[],"_links":{"self":[{"href":"https:\/\/bibliodos.eu\/it\/wp-json\/wp\/v2\/pages\/3975"}],"collection":[{"href":"https:\/\/bibliodos.eu\/it\/wp-json\/wp\/v2\/pages"}],"about":[{"href":"https:\/\/bibliodos.eu\/it\/wp-json\/wp\/v2\/types\/page"}],"author":[{"embeddable":true,"href":"https:\/\/bibliodos.eu\/it\/wp-json\/wp\/v2\/users\/1"}],"replies":[{"embeddable":true,"href":"https:\/\/bibliodos.eu\/it\/wp-json\/wp\/v2\/comments?post=3975"}],"version-history":[{"count":0,"href":"https:\/\/bibliodos.eu\/it\/wp-json\/wp\/v2\/pages\/3975\/revisions"}],"wp:attachment":[{"href":"https:\/\/bibliodos.eu\/it\/wp-json\/wp\/v2\/media?parent=3975"}],"curies":[{"name":"wp","href":"https:\/\/api.w.org\/{rel}","templated":true}]}}