{"id":3947,"date":"2020-06-25T11:12:22","date_gmt":"2020-06-25T09:12:22","guid":{"rendered":"https:\/\/bibliodos.eu\/partner-associati\/"},"modified":"2021-06-15T09:50:05","modified_gmt":"2021-06-15T07:50:05","slug":"partner-associati","status":"publish","type":"page","link":"https:\/\/bibliodos.eu\/it\/partner-associati\/","title":{"rendered":"Partner associati"},"content":{"rendered":"<p>[et_pb_section fb_built=&#8221;1&#8243; _builder_version=&#8221;4.4.7&#8243; background_image=&#8221;https:\/\/bibliodos.eu\/wp-content\/uploads\/2020\/03\/footer-bg-1-e1593699325814.png&#8221; background_position=&#8221;top_left&#8221; height=&#8221;200px&#8221; custom_padding=&#8221;||||false|false&#8221; locked=&#8221;off&#8221;][\/et_pb_section][et_pb_section fb_built=&#8221;1&#8243; _builder_version=&#8221;4.4.1&#8243; background_color=&#8221;#f4f4f4&#8243;][et_pb_row _builder_version=&#8221;4.4.1&#8243; background_color=&#8221;#ffffff&#8221; max_width=&#8221;none&#8221; custom_margin=&#8221;-150px||50px||false|false&#8221; custom_padding=&#8221;||150px||false|false&#8221; box_shadow_style=&#8221;preset5&#8243; box_shadow_vertical=&#8221;1px&#8221; box_shadow_blur=&#8221;30px&#8221; box_shadow_spread=&#8221;-12px&#8221;][et_pb_column type=&#8221;4_4&#8243; _builder_version=&#8221;4.4.1&#8243;][et_pb_text _builder_version=&#8221;4.9.4&#8243; text_text_color=&#8221;#000000&#8243; text_font_size=&#8221;16px&#8221; header_font=&#8221;|700|||||||&#8221; header_text_align=&#8221;center&#8221; header_text_color=&#8221;#3d407a&#8221; header_font_size=&#8221;40px&#8221; header_line_height=&#8221;2.2em&#8221; background_color=&#8221;rgba(0,0,0,0)&#8221; width=&#8221;90%&#8221; module_alignment=&#8221;center&#8221; custom_margin=&#8221;||||false|false&#8221; custom_padding=&#8221;||||false|false&#8221;]<\/p>\n<h1>Partner associati<\/h1>\n<p style=\"font-weight: bold;\">\n<p>[\/et_pb_text][et_pb_blurb title=&#8221;CDRIML&#8221; image=&#8221;https:\/\/bibliodos.eu\/wp-content\/uploads\/2021\/06\/logo-CDRIML-HD-243&#215;300.png&#8221; content_max_width=&#8221;900px&#8221; _builder_version=&#8221;4.9.4&#8243; _module_preset=&#8221;default&#8221; header_text_color=&#8221;#3d407a&#8221; header_font_size=&#8221;24px&#8221; body_text_color=&#8221;#000000&#8243; body_font_size=&#8221;15px&#8221; hover_enabled=&#8221;0&#8243; sticky_enabled=&#8221;0&#8243;]<\/p>\n<p>Il Centro risorse per l&#8217;analfabetismo e la competenza linguistica (Centre de ressources illettrisme et ma\u00eetrise de la langue &#8211; CDRIML) \u00e8 un servizio pubblico gestito dal gruppo di interesse pubblico Comp\u00e9tences dell&#8217;Acad\u00e9mie de Versailles e in parte finanziato dal Consiglio regionale dell&#8217;\u00cele-de-France. <\/p>\n<ul>\n<li>Il CDRIML risponde a domande sulla competenza linguistica e indirizza le persone a programmi di formazione adeguati alle loro esigenze. <\/li>\n<li>Il CDRIML offre corsi di professionalizzazione a educatori, operatori professionali e occupazionali dell&#8217;\u00cele-de-France, senza alcun costo per i partecipanti. <\/li>\n<li>Il CDRIML consiglia e collega gli attori nella regione dell&#8217;\u00cele-de-France.<\/li>\n<\/ul>\n<p><a href=\"http:\/\/www.cdri-idf.ac-versailles.fr\/ \" class=\"partnerButton\"><img decoding=\"async\" src=\"https:\/\/bibliodos.eu\/wp-content\/uploads\/2020\/04\/web.png\" width=\"15px\" \/> http:\/\/www.cdri-idf.ac-versailles.fr\/<\/a><\/p>\n<p>[\/et_pb_blurb][\/et_pb_column][\/et_pb_row][\/et_pb_section]<\/p>\n","protected":false},"excerpt":{"rendered":"<p>Partner associati Il Centro risorse per l&#8217;analfabetismo e la competenza linguistica (Centre de ressources illettrisme et ma\u00eetrise de la langue &#8211; CDRIML) \u00e8 un servizio pubblico gestito dal gruppo di interesse pubblico Comp\u00e9tences dell&#8217;Acad\u00e9mie de Versailles e in parte finanziato dal Consiglio regionale dell&#8217;\u00cele-de-France. Il CDRIML risponde a domande sulla competenza linguistica e indirizza le [&hellip;]<\/p>\n","protected":false},"author":1,"featured_media":0,"parent":0,"menu_order":0,"comment_status":"closed","ping_status":"closed","template":"","meta":{"_acf_changed":false,"_et_pb_use_builder":"on","_et_pb_old_content":"","_et_gb_content_width":"","inline_featured_image":false,"footnotes":""},"acf":[],"_links":{"self":[{"href":"https:\/\/bibliodos.eu\/it\/wp-json\/wp\/v2\/pages\/3947"}],"collection":[{"href":"https:\/\/bibliodos.eu\/it\/wp-json\/wp\/v2\/pages"}],"about":[{"href":"https:\/\/bibliodos.eu\/it\/wp-json\/wp\/v2\/types\/page"}],"author":[{"embeddable":true,"href":"https:\/\/bibliodos.eu\/it\/wp-json\/wp\/v2\/users\/1"}],"replies":[{"embeddable":true,"href":"https:\/\/bibliodos.eu\/it\/wp-json\/wp\/v2\/comments?post=3947"}],"version-history":[{"count":0,"href":"https:\/\/bibliodos.eu\/it\/wp-json\/wp\/v2\/pages\/3947\/revisions"}],"wp:attachment":[{"href":"https:\/\/bibliodos.eu\/it\/wp-json\/wp\/v2\/media?parent=3947"}],"curies":[{"name":"wp","href":"https:\/\/api.w.org\/{rel}","templated":true}]}}