{"id":908,"date":"2020-04-07T13:38:06","date_gmt":"2020-04-07T11:38:06","guid":{"rendered":"https:\/\/bibliodos.eu\/mentions-legales\/"},"modified":"2020-07-08T10:26:49","modified_gmt":"2020-07-08T08:26:49","slug":"mentions-legales","status":"publish","type":"page","link":"https:\/\/bibliodos.eu\/fr\/mentions-legales\/","title":{"rendered":"Mentions l\u00e9gales"},"content":{"rendered":"<p>[et_pb_section fb_built=\u00a0\u00bb1&Prime; _builder_version=\u00a0\u00bb4.4.7&Prime; background_image=\u00a0\u00bbhttps:\/\/bibliodos.eu\/wp-content\/uploads\/2020\/03\/footer-bg-1-e1593699325814.png\u00a0\u00bb background_position=\u00a0\u00bbtop_left\u00a0\u00bb height=\u00a0\u00bb200px\u00a0\u00bb custom_padding=\u00a0\u00bb||||false|false\u00a0\u00bb hover_enabled=\u00a0\u00bb0&Prime; locked=\u00a0\u00bboff\u00a0\u00bb title_text=\u00a0\u00bbfooter-bg\u00a0\u00bb][\/et_pb_section][et_pb_section fb_built=\u00a0\u00bb1&Prime; _builder_version=\u00a0\u00bb4.4.1&Prime; background_color=\u00a0\u00bb#f4f4f4&Prime;][et_pb_row _builder_version=\u00a0\u00bb4.4.1&Prime; background_color=\u00a0\u00bb#ffffff\u00a0\u00bb max_width=\u00a0\u00bbnone\u00a0\u00bb custom_margin=\u00a0\u00bb-150px||50px||false|false\u00a0\u00bb custom_padding=\u00a0\u00bb||150px||false|false\u00a0\u00bb box_shadow_style=\u00a0\u00bbpreset5&Prime; box_shadow_vertical=\u00a0\u00bb1px\u00a0\u00bb box_shadow_blur=\u00a0\u00bb30px\u00a0\u00bb box_shadow_spread=\u00a0\u00bb-12px\u00a0\u00bb][et_pb_column type=\u00a0\u00bb4_4&Prime; _builder_version=\u00a0\u00bb4.4.1&Prime;][et_pb_text _builder_version=\u00a0\u00bb4.4.1&Prime; text_text_color=\u00a0\u00bb#000000&Prime; text_font_size=\u00a0\u00bb16px\u00a0\u00bb header_font=\u00a0\u00bb|700|||||||\u00a0\u00bb header_text_align=\u00a0\u00bbcenter\u00a0\u00bb header_text_color=\u00a0\u00bb#3d407a\u00a0\u00bb header_font_size=\u00a0\u00bb40px\u00a0\u00bb header_line_height=\u00a0\u00bb2.2em\u00a0\u00bb background_color=\u00a0\u00bbrgba(0,0,0,0)\u00a0\u00bb width=\u00a0\u00bb90%\u00a0\u00bb module_alignment=\u00a0\u00bbcenter\u00a0\u00bb custom_margin=\u00a0\u00bb||||false|false\u00a0\u00bb custom_padding=\u00a0\u00bb||||false|false\u00a0\u00bb]<\/p>\n<h1>Mentions L\u00e9gales<\/h1>\n<p>[\/et_pb_text][et_pb_text _builder_version=\u00a0\u00bb4.4.1&Prime; text_text_color=\u00a0\u00bb#000000&Prime; text_font_size=\u00a0\u00bb16px\u00a0\u00bb header_font=\u00a0\u00bb|700|||||||\u00a0\u00bb header_text_align=\u00a0\u00bbcenter\u00a0\u00bb header_text_color=\u00a0\u00bb#3d407a\u00a0\u00bb header_font_size=\u00a0\u00bb40px\u00a0\u00bb header_line_height=\u00a0\u00bb2.2em\u00a0\u00bb header_3_font=\u00a0\u00bb|700||on|||||\u00a0\u00bb header_3_line_height=\u00a0\u00bb2em\u00a0\u00bb background_color=\u00a0\u00bbrgba(0,0,0,0)\u00a0\u00bb width=\u00a0\u00bb90%\u00a0\u00bb module_alignment=\u00a0\u00bbcenter\u00a0\u00bb custom_margin=\u00a0\u00bb||||false|false\u00a0\u00bb custom_padding=\u00a0\u00bb||||false|false\u00a0\u00bb]<\/p>\n<h3>Publications du site Web<\/h3>\n<p>Le site Web www.bibliodos.eu (d\u00e9sign\u00e9 par \u201cle site web\u201d) est \u00e9dit\u00e9 par  Les Apprimeurs \u2013 3, rue de l&rsquo;arriv\u00e9e &#8211; 75015 Paris (Num\u00e9ro d\u2019enregistrement: 793 932 245 R.C.S Paris)<\/p>\n<p>Bibliodos (2019-1-FR01-KA204-063101) est un projet Erasmus+ KA204 Partenariats strat\u00e9giques cr\u00e9\u00e9 par plusieurs partenaires europ\u00e9ens. Le projet est financ\u00e9 avec le soutien de la Commission europ\u00e9enne. Cette publication rel\u00e8ve de la seule responsabilit\u00e9 de l\u2019auteur et la Commission n\u2019est pas responsable des informations qu\u2019elle contient.<\/p>\n<p>Les Apprimeurs est responsable de sa publication.<\/p>\n<h3>Cr\u00e9ation du contenu du site web<\/h3>\n<p>Directeur de la publication et gestionnaire de contenu du site Web :<br \/>Julie Guilleminot &#8211; Les Apprimeurs<br \/>Conception et d\u00e9veloppement de la plate-forme :<br \/>Les Apprimeurs<\/p>\n<p>H\u00e9bergeur Web<br \/>Le Site est h\u00e9berg\u00e9 par 1&#038;1 Internet SARL<br \/>Adresse: 7, place de la Gare, 57200 Sarreguemines Cedex<br \/>SIREN: RCS Sarreguemines B 431 303 775<\/p>\n<p>[\/et_pb_text][et_pb_text _builder_version=\u00a0\u00bb4.4.7&Prime; text_text_color=\u00a0\u00bb#000000&Prime; text_font_size=\u00a0\u00bb16px\u00a0\u00bb header_font=\u00a0\u00bb|700|||||||\u00a0\u00bb header_text_align=\u00a0\u00bbcenter\u00a0\u00bb header_text_color=\u00a0\u00bb#3d407a\u00a0\u00bb header_font_size=\u00a0\u00bb40px\u00a0\u00bb header_line_height=\u00a0\u00bb2.2em\u00a0\u00bb header_3_font=\u00a0\u00bb|700||on|||||\u00a0\u00bb header_3_line_height=\u00a0\u00bb2em\u00a0\u00bb background_color=\u00a0\u00bbrgba(0,0,0,0)\u00a0\u00bb width=\u00a0\u00bb90%\u00a0\u00bb module_alignment=\u00a0\u00bbcenter\u00a0\u00bb custom_margin=\u00a0\u00bb||||false|false\u00a0\u00bb custom_padding=\u00a0\u00bb||||false|false\u00a0\u00bb locked=\u00a0\u00bboff\u00a0\u00bb]<\/p>\n<h3>Collecte de donn\u00e9es<\/h3>\n<p>Les informations collect\u00e9es sur le Site sont principalement utilis\u00e9es par l\u2019Editeur pour g\u00e9rer les relations avec l\u2019utilisateur du Site, et peuvent \u00eatre utilis\u00e9es pour envoyer des informations sur les nouveaux contenus publi\u00e9s sur la plate-forme. Des statistiques anonymes d\u2019utilisation sont transmises aux autorit\u00e9s europ\u00e9ennes. Elles sont enregistr\u00e9es dans le compte client de l\u2019utilisateur, ainsi que dans les fichiers de l\u2019Editeur g\u00e9n\u00e9r\u00e9s \u00e0 partir du compte personnel de l\u2019utilisateur.<\/p>\n<p>Conform\u00e9ment aux dispositions de la loi 78-17 du 6 janvier 1978 modifi\u00e9e relative \u00e0 l\u2019informatique, aux fichiers et aux libert\u00e9s, vous \u00eates inform\u00e9 que l\u2019Editeur traite automatiquement vos donn\u00e9es personnelles, notamment lorsque vous \u00eates connect\u00e9 au Site ou dans le cadre de formulaires en ligne que vous remplissez. Vous pouvez \u00e0 tout moment exercer votre droit d\u2019acc\u00e8s, d\u2019interrogation, de modification et de suppression des informations vous concernant en contactant l\u2019Editeur, soit par le biais du Site dans la rubrique \u00bb Contact \u00ab , soit par email \u00e0 l\u2019adresse suivante :<br \/>\ncontact@bibliodos.eu<\/p>\n<p>Les informations recueillies pourront \u00eatre transmises \u00e0 des tiers mandat\u00e9s par l\u2019Editeur pour effectuer des t\u00e2ches d\u00e9l\u00e9gu\u00e9es n\u00e9cessaires \u00e0 l\u2019administration de votre compte. Vous pouvez vous opposer \u00e0 cette cession d\u2019informations en exprimant votre d\u00e9saccord par les voies de contact pr\u00e9cit\u00e9es. En cas de violation des dispositions l\u00e9gales ou r\u00e9glementaires, ces informations pourront \u00eatre transmises aux autorit\u00e9s judiciaires sur demande expresse et justifi\u00e9e. Si certaines informations sont n\u00e9cessaires pour pouvoir acc\u00e9der \u00e0 certaines fonctionnalit\u00e9s du site, l\u2019Editeur indiquera leur caract\u00e8re obligatoire au moment de la saisie des informations.[\/et_pb_text][et_pb_text _builder_version=\u00a0\u00bb4.4.1&Prime; text_text_color=\u00a0\u00bb#000000&Prime; text_font_size=\u00a0\u00bb16px\u00a0\u00bb header_font=\u00a0\u00bb|700|||||||\u00a0\u00bb header_text_align=\u00a0\u00bbcenter\u00a0\u00bb header_text_color=\u00a0\u00bb#3d407a\u00a0\u00bb header_font_size=\u00a0\u00bb40px\u00a0\u00bb header_line_height=\u00a0\u00bb2.2em\u00a0\u00bb header_3_font=\u00a0\u00bb|700||on|||||\u00a0\u00bb header_3_line_height=\u00a0\u00bb2em\u00a0\u00bb background_color=\u00a0\u00bbrgba(0,0,0,0)\u00a0\u00bb width=\u00a0\u00bb90%\u00a0\u00bb module_alignment=\u00a0\u00bbcenter\u00a0\u00bb custom_margin=\u00a0\u00bb||||false|false\u00a0\u00bb custom_padding=\u00a0\u00bb||||false|false\u00a0\u00bb locked=\u00a0\u00bboff\u00a0\u00bb]<\/p>\n<h3>Cookies<\/h3>\n<p>Le site Web peut recueillir automatiquement des informations standard, telles que des donn\u00e9es personnalis\u00e9es qui permettent au site Web d\u2019identifier ses visiteurs. Toutes les informations collect\u00e9es indirectement ne seront utilis\u00e9es que pour suivre le volume, le type et la configuration du trafic sur le site Web, afin d\u2019am\u00e9liorer sa conception et sa pr\u00e9sentation, \u00e0 d\u2019autres fins administratives et de planification et, plus g\u00e9n\u00e9ralement, pour am\u00e9liorer le service que nous offrons. Vous pouvez refuser l\u2019utilisation de cookies sur votre appareil.\n<\/p>\n<h3>Propri\u00e9t\u00e9 intellectuelle<\/h3>\n<p>\nTous les contenus sont distribu\u00e9s sous licence Creative Commons : Attribution \u2013 NonCommercial \u2013 ShareAlike 4.0 International CC BY-NC-SA 4.0.<\/p>\n<p>Sauf indication contraire, vous \u00eates libre de :<br \/>Partager \u2013 copier et redistribuer le mat\u00e9riel sur n\u2019importe quel support ou format<br \/>Adapter \u2013 remixer, transformer, et construire sur la mati\u00e8re.<br \/>Le donneur de licence ne peut pas r\u00e9voquer ces libert\u00e9s tant que vous respectez les termes de la licence.<\/p>\n<p>Selon les termes suivants :<br \/>Attribution \u2013 Vous devez donner le cr\u00e9dit appropri\u00e9, fournir un lien vers la licence et indiquer si des modifications ont \u00e9t\u00e9 apport\u00e9es. Vous pouvez le faire de toute mani\u00e8re raisonnable, mais pas d\u2019une mani\u00e8re qui sugg\u00e8re que le conc\u00e9dant de licence vous approuve ou approuve votre utilisation.<br \/>Non-commercial \u2013 Vous ne pouvez pas utiliser le mat\u00e9riel \u00e0 des fins commerciales.<br \/>\u00c0 l\u2019identique \u2013 Si vous modifiez, transformez ou d\u00e9veloppez le mat\u00e9riel, vous devez distribuer vos contributions sous la m\u00eame licence que l\u2019original.<\/p>\n<h3>Hyperliens<\/h3>\n<p>Le Site peut contenir des hyperliens qui conduisent \u00e0 d\u2019autres sites Internet, publi\u00e9s et g\u00e9r\u00e9s par des tiers, et non par l\u2019Editeur. L\u2019Editeur ne pourra \u00eatre tenu pour responsable, directement ou indirectement, en cas de non-respect des dispositions l\u00e9gales par ces sites tiers. La cr\u00e9ation de liens hypertextes vers le Site n\u00e9cessite une autorisation pr\u00e9alable et \u00e9crite de l\u2019Editeur.<\/p>\n<p>[\/et_pb_text][\/et_pb_column][\/et_pb_row][\/et_pb_section]<\/p>\n","protected":false},"excerpt":{"rendered":"<p>Mentions L\u00e9galesPublications du site Web Le site Web www.bibliodos.eu (d\u00e9sign\u00e9 par \u201cle site web\u201d) est \u00e9dit\u00e9 par Les Apprimeurs \u2013 3, rue de l&rsquo;arriv\u00e9e &#8211; 75015 Paris (Num\u00e9ro d\u2019enregistrement: 793 932 245 R.C.S Paris)Bibliodos (2019-1-FR01-KA204-063101) est un projet Erasmus+ KA204 Partenariats strat\u00e9giques cr\u00e9\u00e9 par plusieurs partenaires europ\u00e9ens. Le projet est financ\u00e9 avec le soutien de [&hellip;]<\/p>\n","protected":false},"author":1,"featured_media":0,"parent":0,"menu_order":0,"comment_status":"closed","ping_status":"closed","template":"","meta":{"_acf_changed":false,"_et_pb_use_builder":"on","_et_pb_old_content":"","_et_gb_content_width":"","inline_featured_image":false,"footnotes":""},"acf":[],"_links":{"self":[{"href":"https:\/\/bibliodos.eu\/fr\/wp-json\/wp\/v2\/pages\/908"}],"collection":[{"href":"https:\/\/bibliodos.eu\/fr\/wp-json\/wp\/v2\/pages"}],"about":[{"href":"https:\/\/bibliodos.eu\/fr\/wp-json\/wp\/v2\/types\/page"}],"author":[{"embeddable":true,"href":"https:\/\/bibliodos.eu\/fr\/wp-json\/wp\/v2\/users\/1"}],"replies":[{"embeddable":true,"href":"https:\/\/bibliodos.eu\/fr\/wp-json\/wp\/v2\/comments?post=908"}],"version-history":[{"count":0,"href":"https:\/\/bibliodos.eu\/fr\/wp-json\/wp\/v2\/pages\/908\/revisions"}],"wp:attachment":[{"href":"https:\/\/bibliodos.eu\/fr\/wp-json\/wp\/v2\/media?parent=908"}],"curies":[{"name":"wp","href":"https:\/\/api.w.org\/{rel}","templated":true}]}}