{"id":895,"date":"2020-04-07T12:25:33","date_gmt":"2020-04-07T10:25:33","guid":{"rendered":"https:\/\/bibliodos.eu\/partenaires-associes\/"},"modified":"2021-12-02T13:54:39","modified_gmt":"2021-12-02T12:54:39","slug":"partenaires-associes","status":"publish","type":"page","link":"https:\/\/bibliodos.eu\/fr\/partenaires-associes\/","title":{"rendered":"Partenaires associ\u00e9s"},"content":{"rendered":"<p>[et_pb_section fb_built=\u00a0\u00bb1&Prime; _builder_version=\u00a0\u00bb4.4.7&Prime; background_image=\u00a0\u00bbhttps:\/\/bibliodos.eu\/wp-content\/uploads\/2020\/03\/footer-bg-1-e1593699325814.png\u00a0\u00bb background_position=\u00a0\u00bbtop_left\u00a0\u00bb height=\u00a0\u00bb200px\u00a0\u00bb custom_padding=\u00a0\u00bb||||false|false\u00a0\u00bb locked=\u00a0\u00bboff\u00a0\u00bb global_colors_info=\u00a0\u00bb{}\u00a0\u00bb][\/et_pb_section][et_pb_section fb_built=\u00a0\u00bb1&Prime; _builder_version=\u00a0\u00bb4.4.1&Prime; background_color=\u00a0\u00bb#f4f4f4&Prime; global_colors_info=\u00a0\u00bb{}\u00a0\u00bb][et_pb_row _builder_version=\u00a0\u00bb4.4.1&Prime; background_color=\u00a0\u00bb#ffffff\u00a0\u00bb max_width=\u00a0\u00bbnone\u00a0\u00bb custom_margin=\u00a0\u00bb-150px||50px||false|false\u00a0\u00bb custom_padding=\u00a0\u00bb||150px||false|false\u00a0\u00bb box_shadow_style=\u00a0\u00bbpreset5&Prime; box_shadow_vertical=\u00a0\u00bb1px\u00a0\u00bb box_shadow_blur=\u00a0\u00bb30px\u00a0\u00bb box_shadow_spread=\u00a0\u00bb-12px\u00a0\u00bb global_colors_info=\u00a0\u00bb{}\u00a0\u00bb][et_pb_column type=\u00a0\u00bb4_4&Prime; _builder_version=\u00a0\u00bb4.4.1&Prime; global_colors_info=\u00a0\u00bb{}\u00a0\u00bb][et_pb_text _builder_version=\u00a0\u00bb4.9.4&Prime; text_text_color=\u00a0\u00bb#000000&Prime; text_font_size=\u00a0\u00bb16px\u00a0\u00bb header_font=\u00a0\u00bb|700|||||||\u00a0\u00bb header_text_align=\u00a0\u00bbcenter\u00a0\u00bb header_text_color=\u00a0\u00bb#3d407a\u00a0\u00bb header_font_size=\u00a0\u00bb40px\u00a0\u00bb header_line_height=\u00a0\u00bb2.2em\u00a0\u00bb background_color=\u00a0\u00bbrgba(0,0,0,0)\u00a0\u00bb width=\u00a0\u00bb90%\u00a0\u00bb module_alignment=\u00a0\u00bbcenter\u00a0\u00bb custom_margin=\u00a0\u00bb||||false|false\u00a0\u00bb custom_padding=\u00a0\u00bb||||false|false\u00a0\u00bb global_colors_info=\u00a0\u00bb{}\u00a0\u00bb]<\/p>\n<h1>Partenaires associ\u00e9s<\/h1>\n<p style=\"font-weight: bold;\">\n<p>[\/et_pb_text][et_pb_blurb title=\u00a0\u00bbCDRIML\u00a0\u00bb image=\u00a0\u00bbhttps:\/\/bibliodos.eu\/wp-content\/uploads\/2021\/06\/logo-CDRIML-HD-243&#215;300.png\u00a0\u00bb content_max_width=\u00a0\u00bb900px\u00a0\u00bb _builder_version=\u00a0\u00bb4.9.4&Prime; _module_preset=\u00a0\u00bbdefault\u00a0\u00bb header_text_color=\u00a0\u00bb#3d407a\u00a0\u00bb header_font_size=\u00a0\u00bb24px\u00a0\u00bb body_text_color=\u00a0\u00bb#000000&Prime; body_font_size=\u00a0\u00bb15px\u00a0\u00bb global_colors_info=\u00a0\u00bb{}\u00a0\u00bb]Le Centre de ressources illettrisme et ma\u00eetrise de la langue (CDRIML) \u202fest un service public port\u00e9 par le Groupement d\u2019Int\u00e9r\u00eat Public GIP-Comp\u00e9tences de l\u2019Acad\u00e9mie de Versailles et financ\u00e9 en partie par le Conseil r\u00e9gional d\u2019\u00cele-de-France.<\/p>\n<ul>\n<li>Le CDRIML r\u00e9pond aux questions sur la ma\u00eetrise de la langue et oriente les personnes vers les dispositifs de formation adapt\u00e9s \u00e0 leurs besoins.<\/li>\n<li>Le CDRIML propose des parcours de professionnalisation aux acteurs franciliens de la formation, de l\u2019insertion et de l\u2019emploi, \u00e0 co\u00fbt z\u00e9ro pour les participants.<\/li>\n<li>Le CDRIML conseille et met en lien les acteurs du territoire.<\/li>\n<\/ul>\n<p><a class=\"partnerButton\" href=\"http:\/\/www.cdri-idf.ac-versailles.fr\/ \"><img decoding=\"async\" src=\"https:\/\/bibliodos.eu\/wp-content\/uploads\/2020\/04\/web.png\" width=\"15px\" \/> http:\/\/www.cdri-idf.ac-versailles.fr\/<\/a>[\/et_pb_blurb][et_pb_blurb title=\u00a0\u00bbAssociation l&rsquo;\u00eele aux langues\u00a0\u00bb image=\u00a0\u00bbhttps:\/\/bibliodos.eu\/wp-content\/uploads\/2021\/11\/LIAL-logo-full.jpg\u00a0\u00bb image_max_width=\u00a0\u00bb40%\u00a0\u00bb content_max_width=\u00a0\u00bb900px\u00a0\u00bb _builder_version=\u00a0\u00bb4.11.3&Prime; _module_preset=\u00a0\u00bbdefault\u00a0\u00bb header_text_color=\u00a0\u00bb#3d407a\u00a0\u00bb header_font_size=\u00a0\u00bb24px\u00a0\u00bb body_text_color=\u00a0\u00bb#000000&Prime; body_font_size=\u00a0\u00bb15px\u00a0\u00bb global_colors_info=\u00a0\u00bb{}\u00a0\u00bb]L\u2019\u00eele aux langues est une association loi 1901 et organisme de formation qui a pour vocation l\u2019apprentissage et de la transmission de la langue fran\u00e7aise comme vecteur d\u2019autonomisation des publics et d\u2019inclusion sociale, \u00e9conomique, culturelle et citoyenne sur notre territoire.<\/p>\n<p>L\u2019action de l\u2019association se d\u00e9cline en trois axes principaux :<\/p>\n<ul>\n<li>L\u2019enseignement du fran\u00e7ais :\u00a0r\u00e9pondre aux besoins langagiers, pr\u00e9professionnels, pragmatiques et culturels des publics via des cours de fran\u00e7ais g\u00e9n\u00e9ral, des cours d\u2019alphab\u00e9tisation, des cours de fran\u00e7ais \u00e0 vis\u00e9e professionnelle et des ateliers sociolinguistiques,<\/li>\n<li>La participation active \u00e0 la qualification des acteurs de la formation et \u00e0 la mutualisation d\u2019outils et \u00e0 l\u2019\u00e9change de pratique via des formations de formateurs,<\/li>\n<li>L\u2019ing\u00e9nierie p\u00e9dagogique : la cr\u00e9ation et le partage de ressources p\u00e9dagogiques dans les domaines de la culture, de la sant\u00e9 et de la citoyennet\u00e9.<\/li>\n<\/ul>\n<p><a class=\"partnerButton\" href=\"https:\/\/lial.fr\/ \"><img decoding=\"async\" src=\"https:\/\/bibliodos.eu\/wp-content\/uploads\/2020\/04\/web.png\" width=\"15px\" \/> https:\/\/lial.fr\/<\/a>[\/et_pb_blurb][et_pb_blurb title=\u00a0\u00bbParoles Voyageuses\u00a0\u00bb image=\u00a0\u00bbhttps:\/\/bibliodos.eu\/wp-content\/uploads\/2021\/11\/Logo_Paroles_Voyageuses.jpg\u00a0\u00bb image_max_width=\u00a0\u00bb50%\u00a0\u00bb content_max_width=\u00a0\u00bb900px\u00a0\u00bb _builder_version=\u00a0\u00bb4.11.3&Prime; _module_preset=\u00a0\u00bbdefault\u00a0\u00bb header_text_color=\u00a0\u00bb#3d407a\u00a0\u00bb header_font_size=\u00a0\u00bb24px\u00a0\u00bb body_text_color=\u00a0\u00bb#000000&Prime; body_font_size=\u00a0\u00bb15px\u00a0\u00bb global_colors_info=\u00a0\u00bb{}\u00a0\u00bb]Paroles Voyageuses est un organisme de formation cr\u00e9\u00e9 en 2006 qui s\u2019adresse \u00e0 toute personne souhaitant am\u00e9liorer ses comp\u00e9tences en fran\u00e7ais.<\/p>\n<p>L&rsquo;association propose des formations de fran\u00e7ais pour les salari\u00e9s, les demandeurs d\u2019emploi ou encore les r\u00e9fugi\u00e9s; des formations de fran\u00e7ais \u00e9crit \u00e0 destination des personnes sourdes ou des formations de formateurs et de l\u2019expertise d\u2019ing\u00e9nierie p\u00e9dagogique.<\/p>\n<p><a class=\"partnerButton\" href=\"https:\/\/paroles-voyageuses.com\/\"><img decoding=\"async\" src=\"https:\/\/bibliodos.eu\/wp-content\/uploads\/2020\/04\/web.png\" width=\"15px\" \/> https:\/\/paroles-voyageuses.com\/<\/a>[\/et_pb_blurb][et_pb_blurb title=\u00a0\u00bbCEFIL\u00a0\u00bb image=\u00a0\u00bbhttps:\/\/bibliodos.eu\/wp-content\/uploads\/2021\/12\/cropped-cropped-Propal-Logos-Cefil-1904_V2-1-2.png\u00a0\u00bb image_max_width=\u00a0\u00bb40%\u00a0\u00bb content_max_width=\u00a0\u00bb900px\u00a0\u00bb _builder_version=\u00a0\u00bb4.11.3&Prime; _module_preset=\u00a0\u00bbdefault\u00a0\u00bb header_text_color=\u00a0\u00bb#3d407a\u00a0\u00bb header_font_size=\u00a0\u00bb24px\u00a0\u00bb body_text_color=\u00a0\u00bb#000000&Prime; body_font_size=\u00a0\u00bb15px\u00a0\u00bb hover_enabled=\u00a0\u00bb0&Prime; global_colors_info=\u00a0\u00bb{}\u00a0\u00bb sticky_enabled=\u00a0\u00bb0&Prime;]<\/p>\n<p>Le CEFIL (Centre d\u2019\u00e9tudes, de formation et d\u2019insertion par la langue) est une association loi 1901 qui a pour but le d\u00e9veloppement personnel et professionnel des personnes \u00e0 travers des actions de formation, d\u2019insertion et d\u2019\u00e9tudes, ainsi que l\u2019organisation de toute activit\u00e9 qui servirait cet objectif.<\/p>\n<ul>\n<li>L\u2019association met en place des actions de formation et d\u2019accompagnement des personnes, bas\u00e9es sur l\u2019acquisition de la langue fran\u00e7aise, en privil\u00e9giant le contexte professionnel.<\/li>\n<li>Elle propose \u00e9galement un accompagnement des acteur.rice.s et des structures de la formation et de l\u2019insertion.<\/li>\n<\/ul>\n<p><a class=\"partnerButton\" href=\"https:\/\/cefil.org\/association\/ \"><img decoding=\"async\" src=\"https:\/\/bibliodos.eu\/wp-content\/uploads\/2020\/04\/web.png\" width=\"15px\" \/> https:\/\/cefil.org\/association\/<\/a><\/p>\n<p>[\/et_pb_blurb][et_pb_blurb title=\u00a0\u00bbAmilla \u00a0\u00bb image=\u00a0\u00bbhttps:\/\/bibliodos.eu\/wp-content\/uploads\/2021\/12\/Untitled-2.png\u00a0\u00bb image_max_width=\u00a0\u00bb32%\u00a0\u00bb content_max_width=\u00a0\u00bb900px\u00a0\u00bb _builder_version=\u00a0\u00bb4.11.3&Prime; _module_preset=\u00a0\u00bbdefault\u00a0\u00bb header_text_color=\u00a0\u00bb#3d407a\u00a0\u00bb header_font_size=\u00a0\u00bb24px\u00a0\u00bb body_text_color=\u00a0\u00bb#000000&Prime; body_font_size=\u00a0\u00bb15px\u00a0\u00bb hover_enabled=\u00a0\u00bb0&Prime; global_colors_info=\u00a0\u00bb{}\u00a0\u00bb sticky_enabled=\u00a0\u00bb0&Prime;]<\/p>\n<p>Les buts de l&rsquo;Organisation sont scientifiques, \u00e9ducatifs et non lucratifs.<\/p>\n<p>Plus sp\u00e9cifiquement l&rsquo;organisation travaille \u00e0 :<\/p>\n<ul>\n<li>Promouvoir et atteindre les objectifs de d\u00e9veloppement durable tels que d\u00e9finis dans l&rsquo;Agenda 2030 des Nations Unies, en particulier dans les domaines de l&rsquo;\u00e9ducation, de la justice, de la protection de l&rsquo;environnement et de la sant\u00e9<\/li>\n<li>Promouvoir et r\u00e9aliser la coop\u00e9ration interculturelle dans les domaines de l&rsquo;\u00e9ducation, de la science et de la culture conform\u00e9ment au statut de l&rsquo;UNESCO<\/li>\n<li>Promouvoir et r\u00e9aliser l&rsquo;utilisation efficace des ressources via une \u00e9conomie circulaire claire, restaurer la biodiversit\u00e9 et diminuer la pollution selon le Green Deal europ\u00e9en et surtout pr\u00e9server la richesse naturelle des \u00e9cosyst\u00e8mes aquatiques et c\u00f4tiers<\/li>\n<li>Soutenir l&rsquo;\u00e9mancipation des individus gr\u00e2ce aux technologies de nouvelle g\u00e9n\u00e9ration<\/li>\n<li><span class=\"Apple-converted-space\">P<\/span>romouvoir la justice sociale et la prosp\u00e9rit\u00e9<\/li>\n<\/ul>\n<p><a class=\"partnerButton\" href=\"https:\/\/amilla.org\/\"><img decoding=\"async\" src=\"https:\/\/bibliodos.eu\/wp-content\/uploads\/2020\/04\/web.png\" width=\"15px\" \/> https:\/\/amilla.org\/<\/a><\/p>\n<p>[\/et_pb_blurb][et_pb_blurb title=\u00a0\u00bbCosmopolis Language Centre \u00a0\u00bb image=\u00a0\u00bbhttps:\/\/bibliodos.eu\/wp-content\/uploads\/2021\/12\/12509700_973067349421801_6844483520774431683_n.jpg\u00a0\u00bb image_max_width=\u00a0\u00bb50%\u00a0\u00bb content_max_width=\u00a0\u00bb900px\u00a0\u00bb _builder_version=\u00a0\u00bb4.11.3&Prime; _module_preset=\u00a0\u00bbdefault\u00a0\u00bb header_text_color=\u00a0\u00bb#3d407a\u00a0\u00bb header_font_size=\u00a0\u00bb24px\u00a0\u00bb body_text_color=\u00a0\u00bb#000000&Prime; body_font_size=\u00a0\u00bb15px\u00a0\u00bb global_colors_info=\u00a0\u00bb{}\u00a0\u00bb]<\/p>\n<p>Cosmopolis Language Center est le principal centre de langues \u00e0 Nicosie. Op\u00e9rant depuis 2010, Cosmopolis propose des cours de langues en grec, anglais, russe et turc pour les entreprises et les particuliers \u00e0 Chypre.<\/p>\n<p>Conscients de la n\u00e9cessit\u00e9 pour les communaut\u00e9s d&rsquo;expatri\u00e9s et de migrants de communiquer efficacement dans leur vie quotidienne avec les habitants de langue grecque, Cosmopolis a d\u00e9velopp\u00e9 des cours de grec qui se concentrent sur les r\u00e9alit\u00e9s du quotidien et incluent des r\u00e9f\u00e9rences au dialecte grec-chypriote.<\/p>\n<p>De plus, leurs cours d&rsquo;anglais ont pour vocation de faciliter la communication quotidienne et\/ou professionnelle pour les Chypriotes ainsi que pour les r\u00e9sidents non-Chypriotes qui vivent sur l&rsquo;\u00eele.<\/p>\n<p><a class=\"partnerButton\" href=\"https:\/\/www.cosmopolis.biz\"><img decoding=\"async\" src=\"https:\/\/bibliodos.eu\/wp-content\/uploads\/2020\/04\/web.png\" width=\"15px\" \/> https:\/\/www.cosmopolis.biz<\/a><\/p>\n<p>[\/et_pb_blurb][et_pb_blurb title=\u00a0\u00bbMicroKosmos\u00a0\u00bb image=\u00a0\u00bbhttps:\/\/bibliodos.eu\/wp-content\/uploads\/2021\/12\/cropped-solologo_trasparente_grande-2-640&#215;195-1.png\u00a0\u00bb image_max_width=\u00a0\u00bb50%\u00a0\u00bb content_max_width=\u00a0\u00bb900px\u00a0\u00bb _builder_version=\u00a0\u00bb4.11.3&Prime; _module_preset=\u00a0\u00bbdefault\u00a0\u00bb header_text_color=\u00a0\u00bb#3d407a\u00a0\u00bb header_font_size=\u00a0\u00bb24px\u00a0\u00bb body_text_color=\u00a0\u00bb#000000&Prime; body_font_size=\u00a0\u00bb15px\u00a0\u00bb hover_enabled=\u00a0\u00bb0&Prime; global_colors_info=\u00a0\u00bb{}\u00a0\u00bb sticky_enabled=\u00a0\u00bb0&Prime;]<\/p>\n<p>L&rsquo;association \u03bcicrokosmos est une organisation \u00e0 but non lucratif qui \u0153uvre pour la solidarit\u00e9 sociale. dans les domaines de l&rsquo;\u00e9ducation et de la culture.<br \/>C&rsquo;est une organisation d\u00e9mocratique, non partisane et religieusement tol\u00e9rante, libre, autonome et ind\u00e9pendante qui ne tol\u00e8re aucune discrimination fond\u00e9e sur le sexe, le genre, la langue ou la religion et exclut tout objectif commercial ou lucratif.<\/p>\n<p>Entre autres, elle travaille \u00e0 :<\/p>\n<ul>\n<li>Promouvoir et diffuser la culture grecque, \u00e0 la fois classique et moderne, au niveau national et international.<\/li>\n<li>Promouvoir la cr\u00e9ation artistique et l&rsquo;interculturalit\u00e9.<\/li>\n<li>Promouvoir la collaboration avec le gouvernement et les autorit\u00e9s locales afin de stimuler l&rsquo;int\u00e9gration sociale et lutter contre les discriminations.<\/li>\n<\/ul>\n<p><a class=\"partnerButton\" href=\"https:\/\/www.microkosmos.org\/en\/home_en\/ \"><img decoding=\"async\" src=\"https:\/\/bibliodos.eu\/wp-content\/uploads\/2020\/04\/web.png\" width=\"15px\" \/> https:\/\/www.microkosmos.org\/en\/home_en\/<\/a><\/p>\n<p>[\/et_pb_blurb][et_pb_blurb title=\u00a0\u00bbAssociazione Ergon a favore dei Sordi\u00a0\u00bb image=\u00a0\u00bbhttps:\/\/bibliodos.eu\/wp-content\/uploads\/2021\/12\/55875080_2278636002406936_6644731650099904512_n.png\u00a0\u00bb image_max_width=\u00a0\u00bb40%\u00a0\u00bb content_max_width=\u00a0\u00bb900px\u00a0\u00bb _builder_version=\u00a0\u00bb4.11.3&Prime; _module_preset=\u00a0\u00bbdefault\u00a0\u00bb header_text_color=\u00a0\u00bb#3d407a\u00a0\u00bb header_font_size=\u00a0\u00bb24px\u00a0\u00bb body_text_color=\u00a0\u00bb#000000&Prime; body_font_size=\u00a0\u00bb15px\u00a0\u00bb global_colors_info=\u00a0\u00bb{}\u00a0\u00bb]<\/p>\n<p>L&rsquo;Association a \u00e9t\u00e9 fond\u00e9e en 2010 pour aider un groupe de jeunes adultes, anciens \u00e9l\u00e8ves de l&rsquo;Istituto dei Sordi di Torino, \u00e0 d\u00e9velopper des comp\u00e9tences entrepreneuriales et \u00e0 \u00eatre plus actifs dans le monde du travail. L&rsquo;id\u00e9e de base \u00e9tait de coop\u00e9rer avec l&rsquo;\u00e9cole dans la gestion de certaines installations (cantine, caf\u00e9t\u00e9ria) et de r\u00e9ins\u00e9rer certains actifs inutilis\u00e9s, tels que les petites terres agricoles et certains lieux autrefois utilis\u00e9s \u00e0 des fins scolaires. Tout cela dans une perspective de croissance dans un environnement num\u00e9rique, avec l&rsquo;introduction des technologies innovantes dans des activit\u00e9s auparavant g\u00e9r\u00e9es de fa\u00e7on traditionnelle.<\/p>\n<p>L&rsquo;association est active dans le domaine de la double discrimination, travaillant principalement avec des jeunes confront\u00e9s \u00e0 au moins deux raisons possibles de faiblesse dans la soci\u00e9t\u00e9 : les handicap\u00e9s et les migrants ; handicap\u00e9s et femmes\u202f; invalides avec double diagnostic\u202f; handicap\u00e9s et sans emploi.<\/p>\n<p><a class=\"partnerButton\" href=\"https:\/\/europa.eu\/youth\/volunteering\/organisation\/66314_en \"><img decoding=\"async\" src=\"https:\/\/bibliodos.eu\/wp-content\/uploads\/2020\/04\/web.png\" width=\"15px\" \/> https:\/\/europa.eu\/youth\/volunteering\/organisation\/66314_en<\/a><\/p>\n<p>[\/et_pb_blurb][et_pb_blurb title=\u00a0\u00bbCollectif R\u00e9fugi\u00e9s \u00a0\u00bb image=\u00a0\u00bbhttps:\/\/bibliodos.eu\/wp-content\/uploads\/2021\/12\/Logo-Collectif-Refugies-2019.jpg\u00a0\u00bb image_max_width=\u00a0\u00bb50%\u00a0\u00bb content_max_width=\u00a0\u00bb900px\u00a0\u00bb _builder_version=\u00a0\u00bb4.11.3&Prime; _module_preset=\u00a0\u00bbdefault\u00a0\u00bb header_text_color=\u00a0\u00bb#3d407a\u00a0\u00bb header_font_size=\u00a0\u00bb24px\u00a0\u00bb body_text_color=\u00a0\u00bb#000000&Prime; body_font_size=\u00a0\u00bb15px\u00a0\u00bb global_colors_info=\u00a0\u00bb{}\u00a0\u00bb]<\/p>\n<p>Le Collectif Refugi\u00e9s r\u00e9unit les organismes de formation CEFIL, Langues Plurielles, L\u2019Ile aux Langues et Paroles Voyageuses ainsi que l\u2019association Tous B\u00e9n\u00e9voles, afin de proposer une formation intensive en fran\u00e7ais et un accompagnement socioprofessionnel \u00e0 destination de r\u00e9fugi\u00e9\u00b7e\u00b7s statutaires.<\/p>\n<p>Ce projet cible particuli\u00e8rement les personnes qui sont non francophones, ne communiquant pas ou peu en fran\u00e7ais, d\u00e9butante ou presque \u00e0 l\u2019oral et qui n\u2019ont pas \u00e9t\u00e9 ou peu \u00e9t\u00e9 scolaris\u00e9es dans leur pays d\u2019origine.<\/p>\n<p>\u00c0 travers ce projet, leurs objectifs sont d\u2019enseigner le fran\u00e7ais pour favoriser l\u2019autonomie des personnes au quotidien et appuyer l\u2019\u00e9laboration du projet professionnel de chacun.<\/p>\n<p><a class=\"partnerButton\" href=\"https:\/\/langues-plurielles.fr\/index.php\/nos-projets\/pour-les-refugies\/\"><img decoding=\"async\" src=\"https:\/\/bibliodos.eu\/wp-content\/uploads\/2020\/04\/web.png\" width=\"15px\" \/> https:\/\/langues-plurielles.fr\/index.php\/nos-projets\/pour-les-refugies<\/a><\/p>\n<p>[\/et_pb_blurb][et_pb_blurb title=\u00a0\u00bbTous B\u00e9n\u00e9voles\u00a0\u00bb image=\u00a0\u00bbhttps:\/\/bibliodos.eu\/wp-content\/uploads\/2021\/12\/logo-header.jpg\u00a0\u00bb content_max_width=\u00a0\u00bb900px\u00a0\u00bb _builder_version=\u00a0\u00bb4.11.3&Prime; _module_preset=\u00a0\u00bbdefault\u00a0\u00bb header_text_color=\u00a0\u00bb#3d407a\u00a0\u00bb header_font_size=\u00a0\u00bb24px\u00a0\u00bb body_text_color=\u00a0\u00bb#000000&Prime; body_font_size=\u00a0\u00bb15px\u00a0\u00bb global_colors_info=\u00a0\u00bb{}\u00a0\u00bb]<\/p>\n<div class=\"kvgmc6g5 cxmmr5t8 oygrvhab hcukyx3x c1et5uql\">\n<div dir=\"auto\">Tous B\u00e9n\u00e9voles est une association \u00e0 but non lucratif, membre du Centre Europ\u00e9en du Volontariat. C&rsquo;est une association loi 1901 qui met en relation les associations et les candidats b\u00e9n\u00e9voles, partout en France. Plus de 2 000 associations proposent plus de 6 500 missions.<\/div>\n<\/div>\n<p>Leurs missions :<\/p>\n<ul>\n<li>Mise en relation cibl\u00e9e des associations adh\u00e9rentes et des candidats b\u00e9n\u00e9voles, dont un espace sp\u00e9cifiquement d\u00e9di\u00e9 aux jeunes de 16 \u00e0 25 ans\u00a0par entretiens personnalis\u00e9s ou sur le site de l\u2019association.<\/li>\n<li>Partage de comp\u00e9tences au b\u00e9n\u00e9fice des associations adh\u00e9rentes (aujourd\u2019hui environ 1200 associations)<\/li>\n<\/ul>\n<p><a class=\"partnerButton\" href=\"https:\/\/www.tousbenevoles.org\"><img decoding=\"async\" src=\"https:\/\/bibliodos.eu\/wp-content\/uploads\/2020\/04\/web.png\" width=\"15px\" \/> https:\/\/www.tousbenevoles.org<\/a>[\/et_pb_blurb][\/et_pb_column][\/et_pb_row][\/et_pb_section]<\/p>\n","protected":false},"excerpt":{"rendered":"<p>Partenaires associ\u00e9s Le Centre de ressources illettrisme et ma\u00eetrise de la langue (CDRIML) \u202fest un service public port\u00e9 par le Groupement d\u2019Int\u00e9r\u00eat Public GIP-Comp\u00e9tences de l\u2019Acad\u00e9mie de Versailles et financ\u00e9 en partie par le Conseil r\u00e9gional d\u2019\u00cele-de-France. Le CDRIML r\u00e9pond aux questions sur la ma\u00eetrise de la langue et oriente les personnes vers les dispositifs [&hellip;]<\/p>\n","protected":false},"author":1,"featured_media":0,"parent":0,"menu_order":0,"comment_status":"closed","ping_status":"closed","template":"","meta":{"_acf_changed":false,"_et_pb_use_builder":"on","_et_pb_old_content":"","_et_gb_content_width":"","inline_featured_image":false,"footnotes":""},"acf":[],"_links":{"self":[{"href":"https:\/\/bibliodos.eu\/fr\/wp-json\/wp\/v2\/pages\/895"}],"collection":[{"href":"https:\/\/bibliodos.eu\/fr\/wp-json\/wp\/v2\/pages"}],"about":[{"href":"https:\/\/bibliodos.eu\/fr\/wp-json\/wp\/v2\/types\/page"}],"author":[{"embeddable":true,"href":"https:\/\/bibliodos.eu\/fr\/wp-json\/wp\/v2\/users\/1"}],"replies":[{"embeddable":true,"href":"https:\/\/bibliodos.eu\/fr\/wp-json\/wp\/v2\/comments?post=895"}],"version-history":[{"count":20,"href":"https:\/\/bibliodos.eu\/fr\/wp-json\/wp\/v2\/pages\/895\/revisions"}],"predecessor-version":[{"id":27568,"href":"https:\/\/bibliodos.eu\/fr\/wp-json\/wp\/v2\/pages\/895\/revisions\/27568"}],"wp:attachment":[{"href":"https:\/\/bibliodos.eu\/fr\/wp-json\/wp\/v2\/media?parent=895"}],"curies":[{"name":"wp","href":"https:\/\/api.w.org\/{rel}","templated":true}]}}