{"id":894,"date":"2020-04-07T12:25:21","date_gmt":"2020-04-07T10:25:21","guid":{"rendered":"https:\/\/bibliodos.eu\/le-projet\/"},"modified":"2023-02-28T15:10:29","modified_gmt":"2023-02-28T14:10:29","slug":"le-projet","status":"publish","type":"page","link":"https:\/\/bibliodos.eu\/fr\/le-projet\/","title":{"rendered":"Le Projet"},"content":{"rendered":"<p>[et_pb_section fb_built=\u00a0\u00bb1&Prime; _builder_version=\u00a0\u00bb4.4.7&Prime; background_image=\u00a0\u00bbhttps:\/\/bibliodos.eu\/wp-content\/uploads\/2020\/03\/footer-bg-1-e1593699325814.png\u00a0\u00bb background_position=\u00a0\u00bbtop_left\u00a0\u00bb height=\u00a0\u00bb200px\u00a0\u00bb custom_padding=\u00a0\u00bb||||false|false\u00a0\u00bb locked=\u00a0\u00bboff\u00a0\u00bb global_colors_info=\u00a0\u00bb{}\u00a0\u00bb][\/et_pb_section][et_pb_section fb_built=\u00a0\u00bb1&Prime; _builder_version=\u00a0\u00bb4.4.1&Prime; background_color=\u00a0\u00bb#f4f4f4&Prime; global_colors_info=\u00a0\u00bb{}\u00a0\u00bb][et_pb_row _builder_version=\u00a0\u00bb4.4.1&Prime; background_color=\u00a0\u00bb#ffffff\u00a0\u00bb max_width=\u00a0\u00bbnone\u00a0\u00bb custom_margin=\u00a0\u00bb-150px||50px||false|false\u00a0\u00bb custom_padding=\u00a0\u00bb||150px||false|false\u00a0\u00bb box_shadow_style=\u00a0\u00bbpreset5&Prime; box_shadow_vertical=\u00a0\u00bb1px\u00a0\u00bb box_shadow_blur=\u00a0\u00bb30px\u00a0\u00bb box_shadow_spread=\u00a0\u00bb-12px\u00a0\u00bb global_colors_info=\u00a0\u00bb{}\u00a0\u00bb][et_pb_column type=\u00a0\u00bb4_4&Prime; _builder_version=\u00a0\u00bb4.4.1&Prime; global_colors_info=\u00a0\u00bb{}\u00a0\u00bb][et_pb_text _builder_version=\u00a0\u00bb4.6.5&Prime; text_text_color=\u00a0\u00bb#000000&Prime; text_font_size=\u00a0\u00bb16px\u00a0\u00bb header_font=\u00a0\u00bb|700|||||||\u00a0\u00bb header_text_align=\u00a0\u00bbcenter\u00a0\u00bb header_text_color=\u00a0\u00bb#3d407a\u00a0\u00bb header_font_size=\u00a0\u00bb40px\u00a0\u00bb header_line_height=\u00a0\u00bb2.2em\u00a0\u00bb background_color=\u00a0\u00bbrgba(0,0,0,0)\u00a0\u00bb width=\u00a0\u00bb90%\u00a0\u00bb module_alignment=\u00a0\u00bbcenter\u00a0\u00bb custom_margin=\u00a0\u00bb0px||0px||false|false\u00a0\u00bb custom_padding=\u00a0\u00bb0px||0px||false|false\u00a0\u00bb global_colors_info=\u00a0\u00bb{}\u00a0\u00bb]<\/p>\n<h1>Le Projet<\/h1>\n<p style=\"font-weight: bold;\">Dans toute l\u2019Europe, les organismes de formation linguistique accueillent aujourd\u2019hui des migrants qui n\u2019ont pas, ou ont tr\u00e8s peu, fr\u00e9quent\u00e9 l\u2019\u00e9cole dans leurs pays d\u2019origine. Ceux-ci se retrouvent \u00e0 apprendre \u00e0 lire et \u00e9crire \u00e0 l\u2019\u00e2ge adulte dans la langue de leur pays d\u2019accueil\u2026 Cela suppose de pouvoir suivre de nombreuses heures de formation pour acqu\u00e9rir ces comp\u00e9tences cl\u00e9s.<\/p>\n<p>Bibliodos (projet 2020-2021) a pour objectif de proposer une premi\u00e8re offre de lectures adapt\u00e9es, en associant l\u2019apprentissage d\u2019une langue \u00e0 la promotion de la litt\u00e9rature et du patrimoine europ\u00e9en. Cette offre se veut universelle, dans le sens que nous la construisons de fa\u00e7on \u00e0 ce qu\u2019elle soit accessible aux personnes qui ont peu acc\u00e8s \u00e0 l\u2019\u00e9crit (migrants et adultes peu scolaris\u00e9s : qualifi\u00e9s, personnes en situation de handicap ou de troubles de l\u2019apprentissage\u2026).<\/p>\n<p>La future collection sera constitu\u00e9e de lectures sur mesure :<\/p>\n<ul>\n<li>ebooks illustr\u00e9s anim\u00e9s, avec diff\u00e9rents niveaux de lecture<\/li>\n<li>livres audio pour les personnes malvoyantes<\/li>\n<li>livres adapt\u00e9s en langue des signes<\/li>\n<\/ul>\n<p>[\/et_pb_text][et_pb_text _builder_version=\u00a0\u00bb4.5.8&Prime; text_text_color=\u00a0\u00bb#000000&Prime; text_font_size=\u00a0\u00bb16px\u00a0\u00bb header_font=\u00a0\u00bb|700|||||||\u00a0\u00bb header_text_align=\u00a0\u00bbcenter\u00a0\u00bb header_text_color=\u00a0\u00bb#3d407a\u00a0\u00bb header_font_size=\u00a0\u00bb40px\u00a0\u00bb header_line_height=\u00a0\u00bb2.2em\u00a0\u00bb background_color=\u00a0\u00bbrgba(0,0,0,0)\u00a0\u00bb width=\u00a0\u00bb90%\u00a0\u00bb module_alignment=\u00a0\u00bbcenter\u00a0\u00bb custom_margin=\u00a0\u00bb0px||0px||false|false\u00a0\u00bb custom_padding=\u00a0\u00bb0px||0px||false|false\u00a0\u00bb global_colors_info=\u00a0\u00bb{}\u00a0\u00bb]<\/p>\n<p>Afin que les formateurs puissent s\u2019emparer de ces ebooks pens\u00e9s notamment pour des publics peu lecteurs et qu\u2019ils puissent les int\u00e9grer \u00e0 leurs programmes de formation, nous mettrons \u00e0 disposition des dossiers p\u00e9dagogiques.<\/p>\n<p>Par ailleurs, ce projet vise \u00e0 proposer une plateforme qui permettra de cr\u00e9er des ebooks dans le cadre de projets p\u00e9dagogiques.<\/p>\n<p>Ce projet rassemble 6 partenaires europ\u00e9ens :<\/p>\n<ul>\n<li>Les Apprimeurs (coordinateur), agence num\u00e9rique fran\u00e7aise sp\u00e9cialis\u00e9e dans la mise en \u0153uvre de solutions innovantes favorisant l\u2019acc\u00e8s aux savoirs fondamentaux<\/li>\n<li>Langues Plurielles, organisme fran\u00e7ais de formation linguistique travaillant notamment avec des personnes demandeuses d\u2019asile et r\u00e9fugi\u00e9es ayant \u00e9t\u00e9 peu scolaris\u00e9es<\/li>\n<li>L\u2019institut des Sourds de Turin, travaillant, entre autres, avec des migrants sourds<\/li>\n<li>Citizens in Power, association chypriote travaillant avec des migrants<\/li>\n<li>MYARTIST, association grecque travaillant avec des migrants et sans-abris<\/li>\n<li>LogoPsyCom, soci\u00e9t\u00e9 belge sp\u00e9cialis\u00e9e sur les troubles d\u2019apprentissages<\/li>\n<p>[\/et_pb_text][et_pb_text _builder_version=\u00a0\u00bb4.4.1&Prime; text_text_color=\u00a0\u00bb#000000&Prime; text_font_size=\u00a0\u00bb16px\u00a0\u00bb header_font=\u00a0\u00bb|700|||||||\u00a0\u00bb header_text_align=\u00a0\u00bbcenter\u00a0\u00bb header_text_color=\u00a0\u00bb#3d407a\u00a0\u00bb header_font_size=\u00a0\u00bb40px\u00a0\u00bb header_line_height=\u00a0\u00bb2.2em\u00a0\u00bb background_color=\u00a0\u00bbrgba(0,0,0,0)\u00a0\u00bb width=\u00a0\u00bb90%\u00a0\u00bb module_alignment=\u00a0\u00bbcenter\u00a0\u00bb custom_margin=\u00a0\u00bb0px||0px||false|false\u00a0\u00bb custom_padding=\u00a0\u00bb0px||0px||false|false\u00a0\u00bb locked=\u00a0\u00bboff\u00a0\u00bb global_colors_info=\u00a0\u00bb{}\u00a0\u00bb]<\/p>\n<p>Bibliodos est financ\u00e9 par le programme Erasmus+.<br \/>\nTous les contenus produits pendant le projet seront librement accessibles.<\/p>\n<p>Projet N\u00b0: 2019-1-FR01-KA204-063101<\/p>\n<p>&nbsp;<\/p>\n<p>[\/et_pb_text][et_pb_text _builder_version=\u00a0\u00bb4.4.1&Prime; text_text_color=\u00a0\u00bb#000000&Prime; text_font_size=\u00a0\u00bb16px\u00a0\u00bb header_font=\u00a0\u00bb|700|||||||\u00a0\u00bb header_text_align=\u00a0\u00bbcenter\u00a0\u00bb header_text_color=\u00a0\u00bb#3d407a\u00a0\u00bb header_font_size=\u00a0\u00bb40px\u00a0\u00bb header_line_height=\u00a0\u00bb2.2em\u00a0\u00bb background_color=\u00a0\u00bbrgba(0,0,0,0)\u00a0\u00bb width=\u00a0\u00bb90%\u00a0\u00bb module_alignment=\u00a0\u00bbcenter\u00a0\u00bb custom_margin=\u00a0\u00bb0px||0px||false|false\u00a0\u00bb custom_padding=\u00a0\u00bb0px||0px||false|false\u00a0\u00bb locked=\u00a0\u00bboff\u00a0\u00bb global_colors_info=\u00a0\u00bb{}\u00a0\u00bb]<\/p>\n<p>Vous trouverez plus d&rsquo;informations sur le projet dans notre livre blanc disponible en 4 langues.<\/p>\n<p>&nbsp;<\/p>\n<p>[\/et_pb_text][et_pb_gallery gallery_ids=\u00a0\u00bb27337,27333,27329,27341&Prime; orientation=\u00a0\u00bbportrait\u00a0\u00bb show_pagination=\u00a0\u00bboff\u00a0\u00bb _builder_version=\u00a0\u00bb4.11.3&Prime; _module_preset=\u00a0\u00bbdefault\u00a0\u00bb width=\u00a0\u00bb90%\u00a0\u00bb module_alignment=\u00a0\u00bbcenter\u00a0\u00bb global_colors_info=\u00a0\u00bb{}\u00a0\u00bb][\/et_pb_gallery][et_pb_text _builder_version=\u00a0\u00bb4.11.3&Prime; text_text_color=\u00a0\u00bb#000000&Prime; text_font_size=\u00a0\u00bb16px\u00a0\u00bb header_font=\u00a0\u00bb|700|||||||\u00a0\u00bb header_text_align=\u00a0\u00bbcenter\u00a0\u00bb header_text_color=\u00a0\u00bb#3d407a\u00a0\u00bb header_font_size=\u00a0\u00bb40px\u00a0\u00bb header_line_height=\u00a0\u00bb2.2em\u00a0\u00bb background_color=\u00a0\u00bbrgba(0,0,0,0)\u00a0\u00bb width=\u00a0\u00bb90%\u00a0\u00bb module_alignment=\u00a0\u00bbcenter\u00a0\u00bb custom_margin=\u00a0\u00bb0px||0px||false|false\u00a0\u00bb custom_padding=\u00a0\u00bb0px||0px||false|false\u00a0\u00bb hover_enabled=\u00a0\u00bb0&Prime; global_colors_info=\u00a0\u00bb{}\u00a0\u00bb sticky_enabled=\u00a0\u00bb0&Prime;]<\/p>\n<h1>Projets associ\u00e9s<\/h1>\n<p>[\/et_pb_text][et_pb_image src=\u00a0\u00bbhttps:\/\/bibliodos.eu\/wp-content\/uploads\/2023\/02\/mockup-featuring-a-man-s-hands-holding-an-ipad-in-landscape-position-2174-el1-copie.jpg\u00a0\u00bb _builder_version=\u00a0\u00bb4.11.3&Prime; _module_preset=\u00a0\u00bbdefault\u00a0\u00bb title_text=\u00a0\u00bbmockup-featuring-a-man-s-hands-holding-an-ipad-in-landscape-position-2174-el1 copie\u00a0\u00bb width=\u00a0\u00bb59%\u00a0\u00bb module_alignment=\u00a0\u00bbcenter\u00a0\u00bb hover_enabled=\u00a0\u00bb0&Prime; sticky_enabled=\u00a0\u00bb0&Prime; url=\u00a0\u00bbhttps:\/\/team-of-art.eu\/\u00a0\u00bb][\/et_pb_image][\/et_pb_column][\/et_pb_row][\/et_pb_section][et_pb_section fb_built=\u00a0\u00bb1&Prime; _builder_version=\u00a0\u00bb4.11.3&Prime; _module_preset=\u00a0\u00bbdefault\u00a0\u00bb][\/et_pb_section]<\/p>\n","protected":false},"excerpt":{"rendered":"<p>Le Projet Dans toute l\u2019Europe, les organismes de formation linguistique accueillent aujourd\u2019hui des migrants qui n\u2019ont pas, ou ont tr\u00e8s peu, fr\u00e9quent\u00e9 l\u2019\u00e9cole dans leurs pays d\u2019origine. Ceux-ci se retrouvent \u00e0 apprendre \u00e0 lire et \u00e9crire \u00e0 l\u2019\u00e2ge adulte dans la langue de leur pays d\u2019accueil\u2026 Cela suppose de pouvoir suivre de nombreuses heures de [&hellip;]<\/p>\n","protected":false},"author":1,"featured_media":0,"parent":0,"menu_order":0,"comment_status":"closed","ping_status":"closed","template":"","meta":{"_acf_changed":false,"_et_pb_use_builder":"on","_et_pb_old_content":"","_et_gb_content_width":"","inline_featured_image":false,"footnotes":""},"acf":[],"_links":{"self":[{"href":"https:\/\/bibliodos.eu\/fr\/wp-json\/wp\/v2\/pages\/894"}],"collection":[{"href":"https:\/\/bibliodos.eu\/fr\/wp-json\/wp\/v2\/pages"}],"about":[{"href":"https:\/\/bibliodos.eu\/fr\/wp-json\/wp\/v2\/types\/page"}],"author":[{"embeddable":true,"href":"https:\/\/bibliodos.eu\/fr\/wp-json\/wp\/v2\/users\/1"}],"replies":[{"embeddable":true,"href":"https:\/\/bibliodos.eu\/fr\/wp-json\/wp\/v2\/comments?post=894"}],"version-history":[{"count":12,"href":"https:\/\/bibliodos.eu\/fr\/wp-json\/wp\/v2\/pages\/894\/revisions"}],"predecessor-version":[{"id":27581,"href":"https:\/\/bibliodos.eu\/fr\/wp-json\/wp\/v2\/pages\/894\/revisions\/27581"}],"wp:attachment":[{"href":"https:\/\/bibliodos.eu\/fr\/wp-json\/wp\/v2\/media?parent=894"}],"curies":[{"name":"wp","href":"https:\/\/api.w.org\/{rel}","templated":true}]}}