{"id":892,"date":"2020-04-07T12:22:27","date_gmt":"2020-04-07T10:22:27","guid":{"rendered":"https:\/\/bibliodos.eu\/partenaires\/"},"modified":"2020-10-26T14:34:11","modified_gmt":"2020-10-26T13:34:11","slug":"partenaires","status":"publish","type":"page","link":"https:\/\/bibliodos.eu\/fr\/partenaires\/","title":{"rendered":"Partenaires"},"content":{"rendered":"<p>[et_pb_section fb_built=\u00a0\u00bb1&Prime; _builder_version=\u00a0\u00bb4.4.7&Prime; background_image=\u00a0\u00bbhttps:\/\/bibliodos.eu\/wp-content\/uploads\/2020\/03\/footer-bg-1-e1593699325814.png\u00a0\u00bb background_position=\u00a0\u00bbtop_left\u00a0\u00bb height=\u00a0\u00bb200px\u00a0\u00bb custom_padding=\u00a0\u00bb||||false|false\u00a0\u00bb locked=\u00a0\u00bboff\u00a0\u00bb][\/et_pb_section][et_pb_section fb_built=\u00a0\u00bb1&Prime; _builder_version=\u00a0\u00bb4.4.1&Prime; background_color=\u00a0\u00bb#f4f4f4&Prime;][et_pb_row _builder_version=\u00a0\u00bb4.4.1&Prime; background_color=\u00a0\u00bb#ffffff\u00a0\u00bb max_width=\u00a0\u00bbnone\u00a0\u00bb custom_margin=\u00a0\u00bb-150px||50px||false|false\u00a0\u00bb custom_padding=\u00a0\u00bb||150px||false|false\u00a0\u00bb box_shadow_style=\u00a0\u00bbpreset5&Prime; box_shadow_vertical=\u00a0\u00bb1px\u00a0\u00bb box_shadow_blur=\u00a0\u00bb30px\u00a0\u00bb box_shadow_spread=\u00a0\u00bb-12px\u00a0\u00bb][et_pb_column type=\u00a0\u00bb4_4&Prime; _builder_version=\u00a0\u00bb4.4.1&Prime;][et_pb_text _builder_version=\u00a0\u00bb4.4.1&Prime; text_text_color=\u00a0\u00bb#000000&Prime; text_font_size=\u00a0\u00bb16px\u00a0\u00bb header_font=\u00a0\u00bb|700|||||||\u00a0\u00bb header_text_align=\u00a0\u00bbcenter\u00a0\u00bb header_text_color=\u00a0\u00bb#3d407a\u00a0\u00bb header_font_size=\u00a0\u00bb40px\u00a0\u00bb header_line_height=\u00a0\u00bb2.2em\u00a0\u00bb background_color=\u00a0\u00bbrgba(0,0,0,0)\u00a0\u00bb width=\u00a0\u00bb90%\u00a0\u00bb module_alignment=\u00a0\u00bbcenter\u00a0\u00bb custom_margin=\u00a0\u00bb||||false|false\u00a0\u00bb custom_padding=\u00a0\u00bb||||false|false\u00a0\u00bb]<\/p>\n<h1>Partenaires<\/h1>\n<p style=\"font-weight: bold;\">Le projet BIBLIODOS a \u00e9t\u00e9 d\u00e9velopp\u00e9 par un consortium europ\u00e9en dans le cadre d&rsquo;un projet Erasmus + KA2 pour l&rsquo;\u00e9ducation des adultes auquel participent des organismes publics et priv\u00e9s dans cinq pays diff\u00e9rents (France, Belgique, Italie, Gr\u00e8ce, Chypre).<\/p>\n<p>[\/et_pb_text][et_pb_text _builder_version=\u00a0\u00bb4.4.7&Prime; text_font=\u00a0\u00bb|||on|||||\u00a0\u00bb text_text_color=\u00a0\u00bb#000000&Prime; text_font_size=\u00a0\u00bb16px\u00a0\u00bb header_font=\u00a0\u00bb|700|||||||\u00a0\u00bb header_text_color=\u00a0\u00bb#000000&Prime; header_2_font=\u00a0\u00bb|700|||||||\u00a0\u00bb header_2_text_color=\u00a0\u00bb#000000&Prime; width=\u00a0\u00bb90%\u00a0\u00bb module_alignment=\u00a0\u00bbcenter\u00a0\u00bb custom_padding=\u00a0\u00bb50px||||false|false\u00a0\u00bb custom_css_main_element=\u00a0\u00bbdisplay: flex;\u00a0\u00bb custom_css_before_last_edited=\u00a0\u00bboff|phone\u00a0\u00bb custom_css_main_element_last_edited=\u00a0\u00bboff|desktop\u00a0\u00bb]<\/p>\n<div class=\"flex\">\n<div class=\"flag flagFR\"><\/div>\n<div class=\"partnerBlock\">\n<h2>Les Apprimeurs<\/h2>\n<p>France<\/p>\n<\/div>\n<\/div>\n<p>[\/et_pb_text][et_pb_text _builder_version=\u00a0\u00bb4.4.1&Prime; text_text_color=\u00a0\u00bb#000000&Prime; text_font_size=\u00a0\u00bb16px\u00a0\u00bb width=\u00a0\u00bb90%\u00a0\u00bb module_alignment=\u00a0\u00bbcenter\u00a0\u00bb]<\/p>\n<p>Les Apprimeurs est une soci\u00e9t\u00e9 fran\u00e7aise sp\u00e9cialis\u00e9e dans la cr\u00e9ation de solutions num\u00e9riques sur mesure pour les secteurs de l&rsquo;\u00e9ducation, de la culture et de la formation.<\/p>\n<p>[\/et_pb_text][et_pb_code _builder_version=\u00a0\u00bb4.4.7&Prime; width=\u00a0\u00bb90%\u00a0\u00bb module_alignment=\u00a0\u00bbcenter\u00a0\u00bb]<a href=\"http:\/\/www.lesapprimeurs.com\" class=\"partnerButton\"><img decoding=\"async\" src=\"https:\/\/bibliodos.eu\/wp-content\/uploads\/2020\/04\/web.png\" width=\"26px\"\/><\/a><!-- [et_pb_line_break_holder] --><a href=\"https:\/\/www.facebook.com\/lesapprimeurs\/\" class=\"partnerButton\"><img decoding=\"async\" src=\"https:\/\/bibliodos.eu\/wp-content\/uploads\/2020\/04\/fb.png\" width=\"12px\"\/><\/a><!-- [et_pb_line_break_holder] -->[\/et_pb_code][et_pb_text _builder_version=\u00a0\u00bb4.4.7&Prime; text_font=\u00a0\u00bb|||on|||||\u00a0\u00bb text_text_color=\u00a0\u00bb#000000&Prime; text_font_size=\u00a0\u00bb16px\u00a0\u00bb header_font=\u00a0\u00bb|700|||||||\u00a0\u00bb header_text_color=\u00a0\u00bb#000000&Prime; header_2_font=\u00a0\u00bb|700|||||||\u00a0\u00bb header_2_text_color=\u00a0\u00bb#000000&Prime; width=\u00a0\u00bb90%\u00a0\u00bb module_alignment=\u00a0\u00bbcenter\u00a0\u00bb custom_padding=\u00a0\u00bb50px||||false|false\u00a0\u00bb custom_css_main_element=\u00a0\u00bbdisplay: flex;\u00a0\u00bb custom_css_before_last_edited=\u00a0\u00bboff|phone\u00a0\u00bb custom_css_main_element_last_edited=\u00a0\u00bboff|desktop\u00a0\u00bb]<\/p>\n<div class=\"flex\">\n<div class=\"flag flagFR\"><\/div>\n<div class=\"partnerBlock\">\n<h2>Langues plurielles<\/h2>\n<p>France<\/p>\n<\/div>\n<\/div>\n<p>[\/et_pb_text][et_pb_text _builder_version=\u00a0\u00bb4.4.1&Prime; text_text_color=\u00a0\u00bb#000000&Prime; text_font_size=\u00a0\u00bb16px\u00a0\u00bb width=\u00a0\u00bb90%\u00a0\u00bb module_alignment=\u00a0\u00bbcenter\u00a0\u00bb locked=\u00a0\u00bboff\u00a0\u00bb]<\/p>\n<p>Langues Plurielles est un organisme de formation linguistique, ouvert sur l\u2019environnement professionnel, social et culturel. Notre conviction est que la connaissance des langues permet de mieux comprendre le monde et y interagir. Les besoins linguistiques sont multiples pour les travailleur.rice.s peu francophones, les personnes en situation d\u2019illettrisme ou d\u2019analphab\u00e9tisme, celles et ceux travaillant \u00e0 l\u2019international ou encore les voyageurs\u2026<br \/>Pour y r\u00e9pondre, nous imaginons des formations \u00e0 partir des objectifs, envies et atouts de chaque apprenant.e, dans une volont\u00e9 p\u00e9dagogique de co-construction avec nos partenaires et\/ou client.e.s, et surtout dans le plaisir !<\/p>\n<p>[\/et_pb_text][et_pb_code _builder_version=\u00a0\u00bb4.4.7&Prime; width=\u00a0\u00bb90%\u00a0\u00bb module_alignment=\u00a0\u00bbcenter\u00a0\u00bb locked=\u00a0\u00bboff\u00a0\u00bb]<a href=\"https:\/\/langues-plurielles.fr\/\" class=\"partnerButton\"><img decoding=\"async\" src=\"https:\/\/bibliodos.eu\/wp-content\/uploads\/2020\/04\/web.png\" width=\"26px\"\/><\/a><!-- [et_pb_line_break_holder] --><a href=\"https:\/\/www.facebook.com\/languesplurielles\/\" class=\"partnerButton\"><img decoding=\"async\" src=\"https:\/\/bibliodos.eu\/wp-content\/uploads\/2020\/04\/fb.png\" width=\"12px\"\/><\/a><!-- [et_pb_line_break_holder] -->[\/et_pb_code][et_pb_text _builder_version=\u00a0\u00bb4.4.7&Prime; text_font=\u00a0\u00bb|||on|||||\u00a0\u00bb text_text_color=\u00a0\u00bb#000000&Prime; text_font_size=\u00a0\u00bb16px\u00a0\u00bb header_font=\u00a0\u00bb|700|||||||\u00a0\u00bb header_text_color=\u00a0\u00bb#000000&Prime; header_2_font=\u00a0\u00bb|700|||||||\u00a0\u00bb header_2_text_color=\u00a0\u00bb#000000&Prime; width=\u00a0\u00bb90%\u00a0\u00bb module_alignment=\u00a0\u00bbcenter\u00a0\u00bb custom_padding=\u00a0\u00bb50px||||false|false\u00a0\u00bb custom_css_main_element=\u00a0\u00bbdisplay: flex;\u00a0\u00bb custom_css_before_last_edited=\u00a0\u00bboff|phone\u00a0\u00bb custom_css_main_element_last_edited=\u00a0\u00bboff|desktop\u00a0\u00bb]<\/p>\n<div class=\"flex\">\n<div class=\"flag flagBE\"><\/div>\n<div class=\"partnerBlock\">\n<h2>LogoPsyCom<\/h2>\n<p>Belgium<\/p>\n<\/div>\n<\/div>\n<p>[\/et_pb_text][et_pb_text _builder_version=\u00a0\u00bb4.6.5&Prime; text_text_color=\u00a0\u00bb#000000&Prime; text_font_size=\u00a0\u00bb16px\u00a0\u00bb width=\u00a0\u00bb90%\u00a0\u00bb module_alignment=\u00a0\u00bbcenter\u00a0\u00bb hover_enabled=\u00a0\u00bb0&Prime; locked=\u00a0\u00bboff\u00a0\u00bb sticky_enabled=\u00a0\u00bb0&Prime;]<\/p>\n<p>Logopsycom est un centre d\u2019innovation p\u00e9dagogique qui cr\u00e9e et utilise des m\u00e9thodes ou outils alternatifs (num\u00e9riques ou non) pour accompagner les \u00e9coles, les centres de formation professionnelle, les organisations \u00e9ducatives, les jeunes et les parents. Elle a d\u2019abord \u00e9t\u00e9 cr\u00e9\u00e9e en tant qu\u2019entreprise de soins, sp\u00e9cialis\u00e9e dans les troubles d\u2019apprentissage chez les jeunes, en particulier dans les troubles \u201cdys\u201d (dyspraxie, dysphasie, dyslexie, etc.), \u00e9galement appel\u00e9es troubles sp\u00e9cifiques d\u2019apprentissage et travaille donc toujours sur l\u2019accessibilit\u00e9 du contenu.<\/p>\n<p>[\/et_pb_text][et_pb_code _builder_version=\u00a0\u00bb4.4.7&Prime; width=\u00a0\u00bb90%\u00a0\u00bb module_alignment=\u00a0\u00bbcenter\u00a0\u00bb locked=\u00a0\u00bboff\u00a0\u00bb]<a href=\"https:\/\/logopsycom.com\/\" class=\"partnerButton\"><img decoding=\"async\" src=\"https:\/\/bibliodos.eu\/wp-content\/uploads\/2020\/04\/web.png\" width=\"26px\"\/><\/a><!-- [et_pb_line_break_holder] --><a href=\"https:\/\/www.facebook.com\/Logopsycom\/\" class=\"partnerButton\"><img decoding=\"async\" src=\"https:\/\/bibliodos.eu\/wp-content\/uploads\/2020\/04\/fb.png\" width=\"12px\"\/><\/a>[\/et_pb_code][et_pb_text _builder_version=\u00a0\u00bb4.4.7&Prime; text_font=\u00a0\u00bb|||on|||||\u00a0\u00bb text_text_color=\u00a0\u00bb#000000&Prime; text_font_size=\u00a0\u00bb16px\u00a0\u00bb header_font=\u00a0\u00bb|700|||||||\u00a0\u00bb header_text_color=\u00a0\u00bb#000000&Prime; header_2_font=\u00a0\u00bb|700|||||||\u00a0\u00bb header_2_text_color=\u00a0\u00bb#000000&Prime; width=\u00a0\u00bb90%\u00a0\u00bb module_alignment=\u00a0\u00bbcenter\u00a0\u00bb custom_padding=\u00a0\u00bb50px||||false|false\u00a0\u00bb custom_css_main_element=\u00a0\u00bbdisplay: flex;\u00a0\u00bb custom_css_before_last_edited=\u00a0\u00bboff|phone\u00a0\u00bb custom_css_main_element_last_edited=\u00a0\u00bboff|desktop\u00a0\u00bb]<\/p>\n<div class=\"flex\">\n<div class=\"flag flagIT\"><\/div>\n<div class=\"partnerBlock\">\n<h2>Istituto dei Sordi di Torino<\/h2>\n<p>Italy<\/p>\n<\/div>\n<\/div>\n<p>[\/et_pb_text][et_pb_text _builder_version=\u00a0\u00bb4.4.1&Prime; text_text_color=\u00a0\u00bb#000000&Prime; text_font_size=\u00a0\u00bb16px\u00a0\u00bb width=\u00a0\u00bb90%\u00a0\u00bb module_alignment=\u00a0\u00bbcenter\u00a0\u00bb locked=\u00a0\u00bboff\u00a0\u00bb]<\/p>\n<p>L&rsquo;Istituto dei Sordi est l&rsquo;une des plus anciennes \u00e9coles de sourds d&rsquo;Italie. Elle a \u00e9t\u00e9 fond\u00e9e en 1814 et collabore avec environ 250 \u00e9tudiants sourds de la maternelle \u00e0 l&rsquo;universit\u00e9.<\/p>\n<p>[\/et_pb_text][et_pb_code _builder_version=\u00a0\u00bb4.4.7&Prime; width=\u00a0\u00bb90%\u00a0\u00bb module_alignment=\u00a0\u00bbcenter\u00a0\u00bb locked=\u00a0\u00bboff\u00a0\u00bb]<a href=\"http:\/\/www.istitutosorditorino.org\" class=\"partnerButton\"><img decoding=\"async\" src=\"https:\/\/bibliodos.eu\/wp-content\/uploads\/2020\/04\/web.png\" width=\"26px\"\/><\/a><!-- [et_pb_line_break_holder] --><a href=\"https:\/\/www.facebook.com\/Istituto-dei-Sordi-di-Torino-148350511989647\/\" class=\"partnerButton\"><img decoding=\"async\" src=\"https:\/\/bibliodos.eu\/wp-content\/uploads\/2020\/04\/fb.png\" width=\"12px\"\/><\/a><!-- [et_pb_line_break_holder] -->[\/et_pb_code][et_pb_text _builder_version=\u00a0\u00bb4.5.8&Prime; text_font=\u00a0\u00bb|||on|||||\u00a0\u00bb text_text_color=\u00a0\u00bb#000000&Prime; text_font_size=\u00a0\u00bb16px\u00a0\u00bb header_font=\u00a0\u00bb|700|||||||\u00a0\u00bb header_text_color=\u00a0\u00bb#000000&Prime; header_2_font=\u00a0\u00bb|700|||||||\u00a0\u00bb header_2_text_color=\u00a0\u00bb#000000&Prime; width=\u00a0\u00bb90%\u00a0\u00bb module_alignment=\u00a0\u00bbcenter\u00a0\u00bb custom_padding=\u00a0\u00bb50px||||false|false\u00a0\u00bb custom_css_main_element=\u00a0\u00bbdisplay: flex;\u00a0\u00bb custom_css_before_last_edited=\u00a0\u00bboff|phone\u00a0\u00bb custom_css_main_element_last_edited=\u00a0\u00bboff|desktop\u00a0\u00bb]<\/p>\n<div class=\"flex\">\n<div class=\"flag flagGR\"><\/div>\n<div class=\"partnerBlock\">\n<h2>MYARTIST<\/h2>\n<p>Gr\u00e8ce<\/p>\n<\/div>\n<\/div>\n<p>[\/et_pb_text][et_pb_text _builder_version=\u00a0\u00bb4.4.1&Prime; text_text_color=\u00a0\u00bb#000000&Prime; text_font_size=\u00a0\u00bb16px\u00a0\u00bb width=\u00a0\u00bb90%\u00a0\u00bb module_alignment=\u00a0\u00bbcenter\u00a0\u00bb locked=\u00a0\u00bboff\u00a0\u00bb]<\/p>\n<p>Inspir\u00e9 par l&rsquo;article 27 de la D\u00e9claration universelle des droits de l&rsquo;homme, \u00ab\u00a0Toute personne a le droit de prendre part librement \u00e0 la vie culturelle de la communaut\u00e9, [et] de jouir des arts\u00a0\u00bb, MYARTIST est un pont entre les artistes et la soci\u00e9t\u00e9.<br \/>\nMYARTIST est une entreprise sociale coop\u00e9rative, fond\u00e9e en 2018, sp\u00e9cialis\u00e9e dans la fourniture de services d&rsquo;int\u00e9r\u00eat g\u00e9n\u00e9ral ou dans la r\u00e9insertion, par le travail, le coaching, le conseil et le tutorat, d&rsquo;artistes d\u00e9favoris\u00e9s et marginalis\u00e9s (handicap\u00e9s, ch\u00f4meurs de longue dur\u00e9e, anciens d\u00e9tenus, toxicomanes, etc.)<br \/>MYARTIST offre des services de gestion, de coaching, de mentorat et de conseil aux dipl\u00f4m\u00e9s des \u00ab\u00a0\u00e9coles d&rsquo;art\u00a0\u00bb, en invitant les entreprises \u00e0 \u00ab\u00a0adopter\u00a0\u00bb un artiste et \u00e0 prendre en charge ses frais de fonctionnement (afin de cr\u00e9er une table, une sculpture, d&rsquo;organiser une exposition photographique, etc.) MYARTIST met en contact des talents cr\u00e9atifs avec des entreprises d&rsquo;excellence. De la synergie entre l&rsquo;entreprise et l&rsquo;artiste na\u00eet une collection d&rsquo;art sans pr\u00e9c\u00e9dent, t\u00e9moignage exceptionnel et innovant d&rsquo;une identit\u00e9 d&rsquo;artiste entrepreneur.<br \/>De cette mani\u00e8re, MYARTIST vise \u00e0 faire de l&rsquo;art un outil important pour favoriser le dialogue entre les diff\u00e9rents peuples, cultures et visions du monde afin d&rsquo;encourager la tol\u00e9rance et la solidarit\u00e9 dans la d\u00e9fense des droits de l&rsquo;homme, en soulignant l&rsquo;importance de la relation entre l&rsquo;artiste et les questions les plus pressantes de notre \u00e9poque.<\/p>\n<p>[\/et_pb_text][et_pb_code _builder_version=\u00a0\u00bb4.4.7&Prime; width=\u00a0\u00bb90%\u00a0\u00bb module_alignment=\u00a0\u00bbcenter\u00a0\u00bb locked=\u00a0\u00bboff\u00a0\u00bb]<a href=\"https:\/\/myartist.gr\/\" class=\"partnerButton\"><img decoding=\"async\" src=\"https:\/\/bibliodos.eu\/wp-content\/uploads\/2020\/04\/web.png\" width=\"26px\"\/><\/a><!-- [et_pb_line_break_holder] --><a href=\"https:\/\/www.facebook.com\/MyArtistgr\/\" class=\"partnerButton\"><img decoding=\"async\" src=\"https:\/\/bibliodos.eu\/wp-content\/uploads\/2020\/04\/fb.png\" width=\"12px\"\/><\/a>[\/et_pb_code][et_pb_text _builder_version=\u00a0\u00bb4.4.7&Prime; text_font=\u00a0\u00bb|||on|||||\u00a0\u00bb text_text_color=\u00a0\u00bb#000000&Prime; text_font_size=\u00a0\u00bb16px\u00a0\u00bb header_font=\u00a0\u00bb|700|||||||\u00a0\u00bb header_text_color=\u00a0\u00bb#000000&Prime; header_2_font=\u00a0\u00bb|700|||||||\u00a0\u00bb header_2_text_color=\u00a0\u00bb#000000&Prime; width=\u00a0\u00bb90%\u00a0\u00bb module_alignment=\u00a0\u00bbcenter\u00a0\u00bb custom_padding=\u00a0\u00bb50px||||false|false\u00a0\u00bb custom_css_main_element=\u00a0\u00bbdisplay: flex;\u00a0\u00bb custom_css_before_last_edited=\u00a0\u00bboff|phone\u00a0\u00bb custom_css_main_element_last_edited=\u00a0\u00bboff|desktop\u00a0\u00bb]<\/p>\n<div class=\"flex\">\n<div class=\"flag flagCY\"><\/div>\n<div class=\"partnerBlock\">\n<h2>Citizens In Power<\/h2>\n<p>Cyprus<\/p>\n<\/div>\n<\/div>\n<p>[\/et_pb_text][et_pb_text _builder_version=\u00a0\u00bb4.4.1&Prime; text_text_color=\u00a0\u00bb#000000&Prime; text_font_size=\u00a0\u00bb16px\u00a0\u00bb width=\u00a0\u00bb90%\u00a0\u00bb module_alignment=\u00a0\u00bbcenter\u00a0\u00bb locked=\u00a0\u00bboff\u00a0\u00bb]<\/p>\n<p>Citizens In Power (CIP) est une organisation non-gouvernementale \u00e0 but non-lucratif de Chypre qui r\u00e9pond aux besoins et demandes de la population \u00e0 travers son engagement dans la vie sociale et civique, en leur fournissant du contenu innovants et des formations gratuites en lien dans de nombreux domaines, comme l&rsquo;\u00e9ducation (notamment en ligne), l&rsquo;inclusion, le march\u00e9 du travail et la formation continue.<br \/>CIP vise principalement au d\u00e9veloppement de l&rsquo;\u00e9ducation, l&rsquo;entreprenariat et de l&rsquo;apprentissage tout au long de la vie \u00e0 Chypre et \u00e0 l&rsquo;\u00e9tranger. Pour atteindre ces objectifs CIP a une collaboration en cours avec des universit\u00e9s de renom, \u00e9coles, ONG et organismes de recherche \u00e0 Chypre pour le d\u00e9veloppement de projets, formations et contenus \u00e9ducatifs. CIP dispose d&rsquo;un pr\u00e9cieux r\u00e9seaux de formateurs et d&rsquo;experts \u00e9ducatifs exp\u00e9riment\u00e9s dans l&rsquo;enseignement formel et informel.<\/p>\n<p>[\/et_pb_text][et_pb_code _builder_version=\u00a0\u00bb4.4.7&Prime; width=\u00a0\u00bb90%\u00a0\u00bb module_alignment=\u00a0\u00bbcenter\u00a0\u00bb locked=\u00a0\u00bboff\u00a0\u00bb]<a href=\"https:\/\/www.citizensinpower.org\/\" class=\"partnerButton\"><img decoding=\"async\" src=\"https:\/\/bibliodos.eu\/wp-content\/uploads\/2020\/04\/web.png\" width=\"26px\"\/><\/a><!-- [et_pb_line_break_holder] --><a href=\"https:\/\/www.facebook.com\/citizensinpower\/\" class=\"partnerButton\"><img decoding=\"async\" src=\"https:\/\/bibliodos.eu\/wp-content\/uploads\/2020\/04\/fb.png\" width=\"12px\"\/><\/a><!-- [et_pb_line_break_holder] -->[\/et_pb_code][\/et_pb_column][\/et_pb_row][\/et_pb_section]<\/p>\n","protected":false},"excerpt":{"rendered":"<p>Partenaires Le projet BIBLIODOS a \u00e9t\u00e9 d\u00e9velopp\u00e9 par un consortium europ\u00e9en dans le cadre d&rsquo;un projet Erasmus + KA2 pour l&rsquo;\u00e9ducation des adultes auquel participent des organismes publics et priv\u00e9s dans cinq pays diff\u00e9rents (France, Belgique, Italie, Gr\u00e8ce, Chypre).Les ApprimeursFranceLes Apprimeurs est une soci\u00e9t\u00e9 fran\u00e7aise sp\u00e9cialis\u00e9e dans la cr\u00e9ation de solutions num\u00e9riques sur mesure pour [&hellip;]<\/p>\n","protected":false},"author":1,"featured_media":0,"parent":0,"menu_order":0,"comment_status":"closed","ping_status":"closed","template":"","meta":{"_acf_changed":false,"_et_pb_use_builder":"on","_et_pb_old_content":"","_et_gb_content_width":"","inline_featured_image":false,"footnotes":""},"acf":[],"_links":{"self":[{"href":"https:\/\/bibliodos.eu\/fr\/wp-json\/wp\/v2\/pages\/892"}],"collection":[{"href":"https:\/\/bibliodos.eu\/fr\/wp-json\/wp\/v2\/pages"}],"about":[{"href":"https:\/\/bibliodos.eu\/fr\/wp-json\/wp\/v2\/types\/page"}],"author":[{"embeddable":true,"href":"https:\/\/bibliodos.eu\/fr\/wp-json\/wp\/v2\/users\/1"}],"replies":[{"embeddable":true,"href":"https:\/\/bibliodos.eu\/fr\/wp-json\/wp\/v2\/comments?post=892"}],"version-history":[{"count":0,"href":"https:\/\/bibliodos.eu\/fr\/wp-json\/wp\/v2\/pages\/892\/revisions"}],"wp:attachment":[{"href":"https:\/\/bibliodos.eu\/fr\/wp-json\/wp\/v2\/media?parent=892"}],"curies":[{"name":"wp","href":"https:\/\/api.w.org\/{rel}","templated":true}]}}