{"id":1196,"date":"2020-04-14T11:57:51","date_gmt":"2020-04-14T09:57:51","guid":{"rendered":"https:\/\/bibliodos.eu\/videos-ls\/"},"modified":"2021-09-01T15:46:53","modified_gmt":"2021-09-01T13:46:53","slug":"videos-ls","status":"publish","type":"page","link":"https:\/\/bibliodos.eu\/fr\/videos-ls\/","title":{"rendered":"Vid\u00e9os LS"},"content":{"rendered":"<p>[et_pb_section fb_built=\u00a0\u00bb1&Prime; _builder_version=\u00a0\u00bb4.4.7&Prime; background_image=\u00a0\u00bbhttps:\/\/bibliodos.eu\/wp-content\/uploads\/2020\/03\/footer-bg-1-e1593699325814.png\u00a0\u00bb background_position=\u00a0\u00bbtop_left\u00a0\u00bb height=\u00a0\u00bb200px\u00a0\u00bb custom_padding=\u00a0\u00bb||||false|false\u00a0\u00bb locked=\u00a0\u00bboff\u00a0\u00bb global_colors_info=\u00a0\u00bb{}\u00a0\u00bb][\/et_pb_section][et_pb_section fb_built=\u00a0\u00bb1&Prime; _builder_version=\u00a0\u00bb4.4.1&Prime; background_color=\u00a0\u00bb#f4f4f4&Prime; global_colors_info=\u00a0\u00bb{}\u00a0\u00bb][et_pb_row custom_padding_last_edited=\u00a0\u00bbon|phone\u00a0\u00bb _builder_version=\u00a0\u00bb4.5.8&Prime; background_color=\u00a0\u00bb#ffffff\u00a0\u00bb max_width=\u00a0\u00bbnone\u00a0\u00bb custom_margin=\u00a0\u00bb-150px||||false|false\u00a0\u00bb custom_padding=\u00a0\u00bb|50px|100px|50px|false|false\u00a0\u00bb custom_padding_tablet=\u00a0\u00bb\u00a0\u00bb custom_padding_phone=\u00a0\u00bb||50px||false|false\u00a0\u00bb box_shadow_style=\u00a0\u00bbpreset5&Prime; box_shadow_vertical=\u00a0\u00bb1px\u00a0\u00bb box_shadow_blur=\u00a0\u00bb30px\u00a0\u00bb box_shadow_spread=\u00a0\u00bb-12px\u00a0\u00bb global_colors_info=\u00a0\u00bb{}\u00a0\u00bb][et_pb_column type=\u00a0\u00bb4_4&Prime; _builder_version=\u00a0\u00bb4.4.1&Prime; global_colors_info=\u00a0\u00bb{}\u00a0\u00bb][et_pb_text _builder_version=\u00a0\u00bb4.5.8&Prime; text_text_color=\u00a0\u00bb#000000&Prime; text_font_size=\u00a0\u00bb16px\u00a0\u00bb header_font=\u00a0\u00bb|700|||||||\u00a0\u00bb header_text_align=\u00a0\u00bbcenter\u00a0\u00bb header_text_color=\u00a0\u00bb#3d407a\u00a0\u00bb header_font_size=\u00a0\u00bb40px\u00a0\u00bb header_line_height=\u00a0\u00bb2.2em\u00a0\u00bb background_color=\u00a0\u00bbrgba(0,0,0,0)\u00a0\u00bb width=\u00a0\u00bb90%\u00a0\u00bb module_alignment=\u00a0\u00bbcenter\u00a0\u00bb custom_margin=\u00a0\u00bb||||false|false\u00a0\u00bb custom_padding=\u00a0\u00bb||||false|false\u00a0\u00bb global_colors_info=\u00a0\u00bb{}\u00a0\u00bb]<\/p>\n<h1>Vid\u00e9os en Langue des Signes<\/h1>\n<p>[\/et_pb_text][et_pb_text _builder_version=\u00a0\u00bb4.5.8&Prime; _module_preset=\u00a0\u00bbdefault\u00a0\u00bb text_orientation=\u00a0\u00bbcenter\u00a0\u00bb global_colors_info=\u00a0\u00bb{}\u00a0\u00bb]<\/p>\n<p style=\"font-weight: bold;\">Retrouvez dans cette section une s\u00e9rie de classiques adapt\u00e9s en langue des signes<\/p>\n<p>[\/et_pb_text][\/et_pb_column][\/et_pb_row][\/et_pb_section][et_pb_section fb_built=\u00a0\u00bb1&Prime; disabled_on=\u00a0\u00bboff|off|off\u00a0\u00bb _builder_version=\u00a0\u00bb4.5.8&Prime; background_color=\u00a0\u00bb#f4f4f4&Prime; locked=\u00a0\u00bboff\u00a0\u00bb global_colors_info=\u00a0\u00bb{}\u00a0\u00bb][et_pb_row _builder_version=\u00a0\u00bb4.4.7&Prime; width=\u00a0\u00bb90%\u00a0\u00bb max_width=\u00a0\u00bb1500px\u00a0\u00bb global_colors_info=\u00a0\u00bb{}\u00a0\u00bb][et_pb_column type=\u00a0\u00bb4_4&Prime; _builder_version=\u00a0\u00bb4.4.7&Prime; global_colors_info=\u00a0\u00bb{}\u00a0\u00bb][et_pb_code _builder_version=\u00a0\u00bb4.9.4&Prime; width=\u00a0\u00bb100%\u00a0\u00bb global_colors_info=\u00a0\u00bb{}\u00a0\u00bb]<div class=\"facetwp-template\" data-name=\"sl\"><div class=\"fwpl-layout el-o92ql\"><div class=\"fwpl-result r1\"><div class=\"fwpl-row el-1mjf3\"><div class=\"fwpl-col fwpl-col el-g3w76\"><div class=\"fwpl-item el-vw59o SL_listing--img\"><a href=\"https:\/\/bibliodos.eu\/fr\/couvertureebook\/bel-ami\/\"><img loading=\"lazy\" decoding=\"async\" width=\"655\" height=\"1024\" src=\"https:\/\/bibliodos.eu\/wp-content\/uploads\/2020\/05\/Template_Ebooks_Cover-655x1024.jpg\" class=\"attachment-large size-large wp-post-image\" alt=\"\" \/><\/a><\/div><div class=\"fwpl-item el-zdjcqd SL_listing--title\"><a href=\"https:\/\/bibliodos.eu\/fr\/couvertureebook\/bel-ami\/\">Bel-Ami<\/a><\/div><\/div><\/div><\/div><div class=\"fwpl-result r2\"><div class=\"fwpl-row el-1mjf3\"><div class=\"fwpl-col fwpl-col el-g3w76\"><div class=\"fwpl-item el-vw59o SL_listing--img\"><a href=\"https:\/\/bibliodos.eu\/fr\/couvertureebook\/cyrano-de-bergerac\/\"><img loading=\"lazy\" decoding=\"async\" width=\"643\" height=\"842\" src=\"https:\/\/bibliodos.eu\/wp-content\/uploads\/2021\/06\/02.-emile-dressed-as-cyrano.png\" class=\"attachment-large size-large wp-post-image\" alt=\"\" srcset=\"https:\/\/bibliodos.eu\/wp-content\/uploads\/2021\/06\/02.-emile-dressed-as-cyrano.png 643w, https:\/\/bibliodos.eu\/wp-content\/uploads\/2021\/06\/02.-emile-dressed-as-cyrano-480x629.png 480w\" sizes=\"(min-width: 0px) and (max-width: 480px) 480px, (min-width: 481px) 643px, 100vw\" \/><\/a><\/div><div class=\"fwpl-item el-zdjcqd SL_listing--title\"><a href=\"https:\/\/bibliodos.eu\/fr\/couvertureebook\/cyrano-de-bergerac\/\">Cyrano De Bergerac<\/a><\/div><\/div><\/div><\/div><div class=\"fwpl-result r3\"><div class=\"fwpl-row el-1mjf3\"><div class=\"fwpl-col fwpl-col el-g3w76\"><div class=\"fwpl-item el-vw59o SL_listing--img\"><a href=\"https:\/\/bibliodos.eu\/fr\/couvertureebook\/don-quixote\/\"><img loading=\"lazy\" decoding=\"async\" width=\"655\" height=\"1024\" src=\"https:\/\/bibliodos.eu\/wp-content\/uploads\/2021\/04\/COUV-DON-QUIXOTE-655x1024.jpg\" class=\"attachment-large size-large wp-post-image\" alt=\"\" \/><\/a><\/div><div class=\"fwpl-item el-zdjcqd SL_listing--title\"><a href=\"https:\/\/bibliodos.eu\/fr\/couvertureebook\/don-quixote\/\">Don Quixote<\/a><\/div><\/div><\/div><\/div><div class=\"fwpl-result r4\"><div class=\"fwpl-row el-1mjf3\"><div class=\"fwpl-col fwpl-col el-g3w76\"><div class=\"fwpl-item el-vw59o SL_listing--img\"><a href=\"https:\/\/bibliodos.eu\/fr\/couvertureebook\/le-voyage-de-gulliver\/\"><img loading=\"lazy\" decoding=\"async\" width=\"655\" height=\"1024\" src=\"https:\/\/bibliodos.eu\/wp-content\/uploads\/2020\/11\/COUV-CAPTAIN-GULLIVER-655x1024.jpg\" class=\"attachment-large size-large wp-post-image\" alt=\"\" \/><\/a><\/div><div class=\"fwpl-item el-zdjcqd SL_listing--title\"><a href=\"https:\/\/bibliodos.eu\/fr\/couvertureebook\/le-voyage-de-gulliver\/\">Le voyage de Gulliver<\/a><\/div><\/div><\/div><\/div><div class=\"fwpl-result r5\"><div class=\"fwpl-row el-1mjf3\"><div class=\"fwpl-col fwpl-col el-g3w76\"><div class=\"fwpl-item el-vw59o SL_listing--img\"><a href=\"https:\/\/bibliodos.eu\/fr\/couvertureebook\/orgueil-et-prejuges\/\"><img loading=\"lazy\" decoding=\"async\" width=\"655\" height=\"1024\" src=\"https:\/\/bibliodos.eu\/wp-content\/uploads\/2020\/11\/COUV-THE-GARDENS-655x1024.jpg\" class=\"attachment-large size-large wp-post-image\" alt=\"\" \/><\/a><\/div><div class=\"fwpl-item el-zdjcqd SL_listing--title\"><a href=\"https:\/\/bibliodos.eu\/fr\/couvertureebook\/orgueil-et-prejuges\/\">Orgueil et pr\u00e9jug\u00e9s<\/a><\/div><\/div><\/div><\/div><div class=\"fwpl-result r6\"><div class=\"fwpl-row el-1mjf3\"><div class=\"fwpl-col fwpl-col el-g3w76\"><div class=\"fwpl-item el-vw59o SL_listing--img\"><a href=\"https:\/\/bibliodos.eu\/fr\/couvertureebook\/ulysse-et-les-mangeurs-de-lotus\/\"><img loading=\"lazy\" decoding=\"async\" width=\"655\" height=\"1024\" src=\"https:\/\/bibliodos.eu\/wp-content\/uploads\/2020\/12\/COUV-ODYSSEUS_LOTUS-655x1024.jpg\" class=\"attachment-large size-large wp-post-image\" alt=\"\" \/><\/a><\/div><div class=\"fwpl-item el-zdjcqd SL_listing--title\"><a href=\"https:\/\/bibliodos.eu\/fr\/couvertureebook\/ulysse-et-les-mangeurs-de-lotus\/\">Ulysse et les mangeurs de lotus<\/a><\/div><\/div><\/div><\/div><\/div>\n<style>\n.fwpl-layout.el-o92ql {\n    grid-template-columns: repeat(4, 1fr);\n    grid-gap: 10px;\n}\n.fwpl-row.el-1mjf3 {\n    grid-template-columns: 1fr;\n}\n<\/style>\n<\/div>[\/et_pb_code][et_pb_code _builder_version=\u00a0\u00bb4.10.5&Prime; _module_preset=\u00a0\u00bbdefault\u00a0\u00bb hover_enabled=\u00a0\u00bb0&Prime; sticky_enabled=\u00a0\u00bb0&Prime;]<script><!-- [et_pb_line_break_holder] -->for(let i = 0; i < document.querySelectorAll(\"div.SL_listing--title > a\").length; i ++) {document.querySelectorAll(\"div.SL_listing--img > a\")[i].href += \"#video\";            document.querySelectorAll(\"div.SL_listing--title > a\")[i].href += \"#video\"}<!-- [et_pb_line_break_holder] --><\/script>[\/et_pb_code][\/et_pb_column][\/et_pb_row][\/et_pb_section]<\/p>\n","protected":false},"excerpt":{"rendered":"<p>Vid\u00e9os en Langue des SignesRetrouvez dans cette section une s\u00e9rie de classiques adapt\u00e9s en langue des signes<div class=\"facetwp-template\" data-name=\"sl\"><div class=\"fwpl-layout el-o92ql\"><div class=\"fwpl-result r1\"><div class=\"fwpl-row el-1mjf3\"><div class=\"fwpl-col fwpl-col el-g3w76\"><div class=\"fwpl-item el-vw59o SL_listing--img\"><a href=\"https:\/\/bibliodos.eu\/fr\/couvertureebook\/bel-ami\/\"><img width=\"655\" height=\"1024\" src=\"https:\/\/bibliodos.eu\/wp-content\/uploads\/2020\/05\/Template_Ebooks_Cover-655x1024.jpg\" class=\"attachment-large size-large wp-post-image\" alt=\"\" decoding=\"async\" loading=\"lazy\" \/><\/a><\/div><div class=\"fwpl-item el-zdjcqd SL_listing--title\"><a href=\"https:\/\/bibliodos.eu\/fr\/couvertureebook\/bel-ami\/\">Bel-Ami<\/a><\/div><\/div><\/div><\/div><div class=\"fwpl-result r2\"><div class=\"fwpl-row el-1mjf3\"><div class=\"fwpl-col fwpl-col el-g3w76\"><div class=\"fwpl-item el-vw59o SL_listing--img\"><a href=\"https:\/\/bibliodos.eu\/fr\/couvertureebook\/cyrano-de-bergerac\/\"><img width=\"643\" height=\"842\" src=\"https:\/\/bibliodos.eu\/wp-content\/uploads\/2021\/06\/02.-emile-dressed-as-cyrano.png\" class=\"attachment-large size-large wp-post-image\" alt=\"\" decoding=\"async\" loading=\"lazy\" srcset=\"https:\/\/bibliodos.eu\/wp-content\/uploads\/2021\/06\/02.-emile-dressed-as-cyrano.png 643w, https:\/\/bibliodos.eu\/wp-content\/uploads\/2021\/06\/02.-emile-dressed-as-cyrano-480x629.png 480w\" sizes=\"(min-width: 0px) and (max-width: 480px) 480px, (min-width: 481px) 643px, 100vw\" \/><\/a><\/div><div class=\"fwpl-item el-zdjcqd SL_listing--title\"><a href=\"https:\/\/bibliodos.eu\/fr\/couvertureebook\/cyrano-de-bergerac\/\">Cyrano De Bergerac<\/a><\/div><\/div><\/div><\/div><div class=\"fwpl-result r3\"><div class=\"fwpl-row el-1mjf3\"><div class=\"fwpl-col fwpl-col el-g3w76\"><div class=\"fwpl-item el-vw59o SL_listing--img\"><a href=\"https:\/\/bibliodos.eu\/fr\/couvertureebook\/don-quixote\/\"><img width=\"655\" height=\"1024\" src=\"https:\/\/bibliodos.eu\/wp-content\/uploads\/2021\/04\/COUV-DON-QUIXOTE-655x1024.jpg\" class=\"attachment-large size-large wp-post-image\" alt=\"\" decoding=\"async\" loading=\"lazy\" \/><\/a><\/div><div class=\"fwpl-item el-zdjcqd SL_listing--title\"><a href=\"https:\/\/bibliodos.eu\/fr\/couvertureebook\/don-quixote\/\">Don Quixote<\/a><\/div><\/div><\/div><\/div><div class=\"fwpl-result r4\"><div class=\"fwpl-row el-1mjf3\"><div class=\"fwpl-col fwpl-col el-g3w76\"><div class=\"fwpl-item el-vw59o SL_listing--img\"><a href=\"https:\/\/bibliodos.eu\/fr\/couvertureebook\/le-voyage-de-gulliver\/\"><img width=\"655\" height=\"1024\" src=\"https:\/\/bibliodos.eu\/wp-content\/uploads\/2020\/11\/COUV-CAPTAIN-GULLIVER-655x1024.jpg\" class=\"attachment-large size-large wp-post-image\" alt=\"\" decoding=\"async\" loading=\"lazy\" \/><\/a><\/div><div class=\"fwpl-item el-zdjcqd SL_listing--title\"><a href=\"https:\/\/bibliodos.eu\/fr\/couvertureebook\/le-voyage-de-gulliver\/\">Le voyage de Gulliver<\/a><\/div><\/div><\/div><\/div><div class=\"fwpl-result r5\"><div class=\"fwpl-row el-1mjf3\"><div class=\"fwpl-col fwpl-col el-g3w76\"><div class=\"fwpl-item el-vw59o SL_listing--img\"><a href=\"https:\/\/bibliodos.eu\/fr\/couvertureebook\/orgueil-et-prejuges\/\"><img width=\"655\" height=\"1024\" src=\"https:\/\/bibliodos.eu\/wp-content\/uploads\/2020\/11\/COUV-THE-GARDENS-655x1024.jpg\" class=\"attachment-large size-large wp-post-image\" alt=\"\" decoding=\"async\" loading=\"lazy\" \/><\/a><\/div><div class=\"fwpl-item el-zdjcqd SL_listing--title\"><a href=\"https:\/\/bibliodos.eu\/fr\/couvertureebook\/orgueil-et-prejuges\/\">Orgueil et pr\u00e9jug\u00e9s<\/a><\/div><\/div><\/div><\/div><div class=\"fwpl-result r6\"><div class=\"fwpl-row el-1mjf3\"><div class=\"fwpl-col fwpl-col el-g3w76\"><div class=\"fwpl-item el-vw59o SL_listing--img\"><a href=\"https:\/\/bibliodos.eu\/fr\/couvertureebook\/ulysse-et-les-mangeurs-de-lotus\/\"><img width=\"655\" height=\"1024\" src=\"https:\/\/bibliodos.eu\/wp-content\/uploads\/2020\/12\/COUV-ODYSSEUS_LOTUS-655x1024.jpg\" class=\"attachment-large size-large wp-post-image\" alt=\"\" decoding=\"async\" loading=\"lazy\" \/><\/a><\/div><div class=\"fwpl-item el-zdjcqd SL_listing--title\"><a href=\"https:\/\/bibliodos.eu\/fr\/couvertureebook\/ulysse-et-les-mangeurs-de-lotus\/\">Ulysse et les mangeurs de lotus<\/a><\/div><\/div><\/div><\/div><\/div>\n<style>\n.fwpl-layout.el-o92ql {\n    grid-template-columns: repeat(4, 1fr);\n    grid-gap: 10px;\n}\n.fwpl-row.el-1mjf3 {\n    grid-template-columns: 1fr;\n}\n<\/style>\n<\/div><\/p>\n","protected":false},"author":1,"featured_media":0,"parent":0,"menu_order":0,"comment_status":"closed","ping_status":"closed","template":"","meta":{"_acf_changed":false,"_et_pb_use_builder":"on","_et_pb_old_content":"","_et_gb_content_width":"","inline_featured_image":false,"footnotes":""},"acf":[],"_links":{"self":[{"href":"https:\/\/bibliodos.eu\/fr\/wp-json\/wp\/v2\/pages\/1196"}],"collection":[{"href":"https:\/\/bibliodos.eu\/fr\/wp-json\/wp\/v2\/pages"}],"about":[{"href":"https:\/\/bibliodos.eu\/fr\/wp-json\/wp\/v2\/types\/page"}],"author":[{"embeddable":true,"href":"https:\/\/bibliodos.eu\/fr\/wp-json\/wp\/v2\/users\/1"}],"replies":[{"embeddable":true,"href":"https:\/\/bibliodos.eu\/fr\/wp-json\/wp\/v2\/comments?post=1196"}],"version-history":[{"count":0,"href":"https:\/\/bibliodos.eu\/fr\/wp-json\/wp\/v2\/pages\/1196\/revisions"}],"wp:attachment":[{"href":"https:\/\/bibliodos.eu\/fr\/wp-json\/wp\/v2\/media?parent=1196"}],"curies":[{"name":"wp","href":"https:\/\/api.w.org\/{rel}","templated":true}]}}