{"id":1194,"date":"2020-04-14T11:56:38","date_gmt":"2020-04-14T09:56:38","guid":{"rendered":"https:\/\/bibliodos.eu\/dossiers-pedagogiques\/"},"modified":"2020-08-31T14:03:35","modified_gmt":"2020-08-31T12:03:35","slug":"dossierpedagogique","status":"publish","type":"page","link":"https:\/\/bibliodos.eu\/fr\/dossierpedagogique\/","title":{"rendered":"Dossiers P\u00e9dagogiques"},"content":{"rendered":"<p>[et_pb_section fb_built=\u00a0\u00bb1&Prime; _builder_version=\u00a0\u00bb4.4.7&Prime; background_image=\u00a0\u00bbhttps:\/\/bibliodos.eu\/wp-content\/uploads\/2020\/03\/footer-bg-1-e1593699325814.png\u00a0\u00bb background_position=\u00a0\u00bbtop_left\u00a0\u00bb height=\u00a0\u00bb200px\u00a0\u00bb custom_padding=\u00a0\u00bb||||false|false\u00a0\u00bb locked=\u00a0\u00bboff\u00a0\u00bb][\/et_pb_section][et_pb_section fb_built=\u00a0\u00bb1&Prime; _builder_version=\u00a0\u00bb4.4.1&Prime; background_color=\u00a0\u00bb#f4f4f4&Prime;][et_pb_row _builder_version=\u00a0\u00bb4.4.7&Prime; background_color=\u00a0\u00bb#ffffff\u00a0\u00bb max_width=\u00a0\u00bbnone\u00a0\u00bb custom_margin=\u00a0\u00bb-150px||50px||false|false\u00a0\u00bb custom_padding=\u00a0\u00bb||50px||false|false\u00a0\u00bb box_shadow_style=\u00a0\u00bbpreset5&Prime; box_shadow_vertical=\u00a0\u00bb1px\u00a0\u00bb box_shadow_blur=\u00a0\u00bb30px\u00a0\u00bb box_shadow_spread=\u00a0\u00bb-12px\u00a0\u00bb][et_pb_column type=\u00a0\u00bb4_4&Prime; _builder_version=\u00a0\u00bb4.4.1&Prime;][et_pb_text _builder_version=\u00a0\u00bb4.5.3&Prime; text_text_color=\u00a0\u00bb#000000&Prime; text_font_size=\u00a0\u00bb16px\u00a0\u00bb header_font=\u00a0\u00bb|700|||||||\u00a0\u00bb header_text_align=\u00a0\u00bbcenter\u00a0\u00bb header_text_color=\u00a0\u00bb#3d407a\u00a0\u00bb header_font_size=\u00a0\u00bb40px\u00a0\u00bb header_line_height=\u00a0\u00bb2.2em\u00a0\u00bb background_color=\u00a0\u00bbrgba(0,0,0,0)\u00a0\u00bb width=\u00a0\u00bb90%\u00a0\u00bb module_alignment=\u00a0\u00bbcenter\u00a0\u00bb custom_margin=\u00a0\u00bb||||false|false\u00a0\u00bb custom_padding=\u00a0\u00bb||||false|false\u00a0\u00bb hover_enabled=\u00a0\u00bb0&Prime; header_font_size_tablet=\u00a0\u00bb\u00a0\u00bb header_font_size_phone=\u00a0\u00bb35px\u00a0\u00bb header_font_size_last_edited=\u00a0\u00bbon|phone\u00a0\u00bb]<\/p>\n<h1>Dossiers P\u00e9dagogiques<\/h1>\n<p style=\"font-weight: bold;\">Pour aider les formateurs \u00e0 int\u00e9grer la lecture des ebooks dans leur parcours p\u00e9dagogique, chaque ebook sera accompagn\u00e9 d&rsquo;un dossier p\u00e9dagogique qui aura comme objectif :<\/p>\n<ul>\n<li>de contextualiser l&rsquo;oeuvre (contexte, auteur, champ d&rsquo;application)<\/li>\n<li>d&rsquo;expliquer l&rsquo;iconographie et les possibles choix musicaux<\/li>\n<li>de faire r\u00e9f\u00e9rence aux oeuvres originales (et ainsi participer au renforcement du patrimoine europ\u00e9en)<\/li>\n<li>de proposer des fa\u00e7ons de traiter le th\u00e8me de l&rsquo;oeuvre, avec du contenu associ\u00e9 particulier.<\/li>\n<\/ul>\n<p>[\/et_pb_text][\/et_pb_column][\/et_pb_row][\/et_pb_section][et_pb_section fb_built=\u00a0\u00bb1&Prime; _builder_version=\u00a0\u00bb4.4.7&Prime; background_color=\u00a0\u00bb#f4f4f4&Prime; custom_margin=\u00a0\u00bb0px||||false|false\u00a0\u00bb custom_padding=\u00a0\u00bb0px||||false|false\u00a0\u00bb locked=\u00a0\u00bboff\u00a0\u00bb][et_pb_row _builder_version=\u00a0\u00bb4.4.7&Prime; width=\u00a0\u00bb90%\u00a0\u00bb max_width=\u00a0\u00bb1500px\u00a0\u00bb][et_pb_column type=\u00a0\u00bb4_4&Prime; _builder_version=\u00a0\u00bb4.4.7&Prime;][et_pb_blog post_type=\u00a0\u00bbpedagogicalfile\u00a0\u00bb posts_number=\u00a0\u00bb30&Prime; use_manual_excerpt=\u00a0\u00bboff\u00a0\u00bb show_author=\u00a0\u00bboff\u00a0\u00bb show_date=\u00a0\u00bboff\u00a0\u00bb show_categories=\u00a0\u00bboff\u00a0\u00bb show_excerpt=\u00a0\u00bboff\u00a0\u00bb show_pagination=\u00a0\u00bboff\u00a0\u00bb module_class=\u00a0\u00bblibraryCustomBlogList\u00a0\u00bb _builder_version=\u00a0\u00bb4.4.7&Prime; background_enable_image=\u00a0\u00bboff\u00a0\u00bb][\/et_pb_blog][\/et_pb_column][\/et_pb_row][\/et_pb_section]<\/p>\n","protected":false},"excerpt":{"rendered":"<p>Dossiers P\u00e9dagogiques Pour aider les formateurs \u00e0 int\u00e9grer la lecture des ebooks dans leur parcours p\u00e9dagogique, chaque ebook sera accompagn\u00e9 d&rsquo;un dossier p\u00e9dagogique qui aura comme objectif : de contextualiser l&rsquo;oeuvre (contexte, auteur, champ d&rsquo;application) d&rsquo;expliquer l&rsquo;iconographie et les possibles choix musicaux de faire r\u00e9f\u00e9rence aux oeuvres originales (et ainsi participer au renforcement du patrimoine [&hellip;]<\/p>\n","protected":false},"author":1,"featured_media":0,"parent":0,"menu_order":0,"comment_status":"closed","ping_status":"closed","template":"","meta":{"_acf_changed":false,"_et_pb_use_builder":"on","_et_pb_old_content":"","_et_gb_content_width":"","inline_featured_image":false,"footnotes":""},"acf":[],"_links":{"self":[{"href":"https:\/\/bibliodos.eu\/fr\/wp-json\/wp\/v2\/pages\/1194"}],"collection":[{"href":"https:\/\/bibliodos.eu\/fr\/wp-json\/wp\/v2\/pages"}],"about":[{"href":"https:\/\/bibliodos.eu\/fr\/wp-json\/wp\/v2\/types\/page"}],"author":[{"embeddable":true,"href":"https:\/\/bibliodos.eu\/fr\/wp-json\/wp\/v2\/users\/1"}],"replies":[{"embeddable":true,"href":"https:\/\/bibliodos.eu\/fr\/wp-json\/wp\/v2\/comments?post=1194"}],"version-history":[{"count":0,"href":"https:\/\/bibliodos.eu\/fr\/wp-json\/wp\/v2\/pages\/1194\/revisions"}],"wp:attachment":[{"href":"https:\/\/bibliodos.eu\/fr\/wp-json\/wp\/v2\/media?parent=1194"}],"curies":[{"name":"wp","href":"https:\/\/api.w.org\/{rel}","templated":true}]}}