{"id":10047,"date":"2020-11-02T14:09:59","date_gmt":"2020-11-02T13:09:59","guid":{"rendered":"https:\/\/bibliodos.eu\/enregistreur-audio\/"},"modified":"2020-11-02T14:11:25","modified_gmt":"2020-11-02T13:11:25","slug":"enregistreur-audio","status":"publish","type":"page","link":"https:\/\/bibliodos.eu\/fr\/enregistreur-audio\/","title":{"rendered":"Enregistreur Audio"},"content":{"rendered":"<p>[et_pb_section fb_built=\u00a0\u00bb1&Prime; _builder_version=\u00a0\u00bb4.4.7&Prime; background_image=\u00a0\u00bbhttps:\/\/bibliodos.eu\/wp-content\/uploads\/2020\/03\/footer-bg-1-e1593699325814.png\u00a0\u00bb background_position=\u00a0\u00bbtop_left\u00a0\u00bb height=\u00a0\u00bb200px\u00a0\u00bb custom_padding=\u00a0\u00bb||||false|false\u00a0\u00bb locked=\u00a0\u00bboff\u00a0\u00bb][\/et_pb_section][et_pb_section fb_built=\u00a0\u00bb1&Prime; _builder_version=\u00a0\u00bb4.4.1&Prime; background_color=\u00a0\u00bb#f4f4f4&Prime; locked=\u00a0\u00bboff\u00a0\u00bb][et_pb_row _builder_version=\u00a0\u00bb4.4.1&Prime; background_color=\u00a0\u00bb#ffffff\u00a0\u00bb max_width=\u00a0\u00bbnone\u00a0\u00bb custom_margin=\u00a0\u00bb-150px||50px||false|false\u00a0\u00bb custom_padding=\u00a0\u00bb||150px||false|false\u00a0\u00bb box_shadow_style=\u00a0\u00bbpreset5&Prime; box_shadow_vertical=\u00a0\u00bb1px\u00a0\u00bb box_shadow_blur=\u00a0\u00bb30px\u00a0\u00bb box_shadow_spread=\u00a0\u00bb-12px\u00a0\u00bb][et_pb_column type=\u00a0\u00bb4_4&Prime; _builder_version=\u00a0\u00bb4.4.1&Prime;][et_pb_text _builder_version=\u00a0\u00bb4.6.5&Prime; text_text_color=\u00a0\u00bb#000000&Prime; text_font_size=\u00a0\u00bb16px\u00a0\u00bb header_font=\u00a0\u00bb|700|||||||\u00a0\u00bb header_text_align=\u00a0\u00bbcenter\u00a0\u00bb header_text_color=\u00a0\u00bb#3d407a\u00a0\u00bb header_font_size=\u00a0\u00bb40px\u00a0\u00bb header_line_height=\u00a0\u00bb2.2em\u00a0\u00bb background_color=\u00a0\u00bbrgba(0,0,0,0)\u00a0\u00bb width=\u00a0\u00bb90%\u00a0\u00bb module_alignment=\u00a0\u00bbcenter\u00a0\u00bb custom_margin=\u00a0\u00bb||||false|false\u00a0\u00bb custom_padding=\u00a0\u00bb||||false|false\u00a0\u00bb]<\/p>\n<h1><span style=\"font-family: inherit;\">Enregistreur Audio<\/span><\/h1>\n<p><span style=\"font-family: inherit;\"><\/span><\/p>\n<p>[\/et_pb_text][et_pb_text _builder_version=\u00a0\u00bb4.6.5&Prime; _module_preset=\u00a0\u00bbdefault\u00a0\u00bb custom_padding=\u00a0\u00bb|15px||15px|false|false\u00a0\u00bb]Vous pouvez enregistrer votre voix avec l&rsquo;enregistreur audio ci-dessous, et t\u00e9l\u00e9charger le fichier.<\/p>\n<p>Quand vous cliquez sur <strong>Enregistrer<\/strong>, assurez-vous d&rsquo;avoir <strong>autoris\u00e9<\/strong> votre navigateur \u00e0 utiliser le microphone.<\/p>\n<p>Une fois que l&rsquo;enregistrement est termin\u00e9, cliquez sur <strong>Terminer<\/strong>. Vous pouvez ensuite le <strong>T\u00e9l\u00e9charger<\/strong>.<\/p>\n<p>&nbsp;<\/p>\n<blockquote>\n<h2>Vie priv\u00e9e<\/h2>\n<p>Aucun enregistrement n&rsquo;est transf\u00e9r\u00e9 sur notre serveur lorsque vous utilisez l&rsquo;enregistreur audio ci-dessous.<br \/>\nLe fichier que vous t\u00e9l\u00e9chargez est g\u00e9n\u00e9r\u00e9 par votre navigateur web et n&rsquo;est pas h\u00e9berg\u00e9 par notre site web.<\/p><\/blockquote>\n<p>[\/et_pb_text][et_pb_code _builder_version=\u00a0\u00bb4.6.5&Prime; _module_preset=\u00a0\u00bbdefault\u00a0\u00bb]<div class=\"h5p-iframe-wrapper\"><iframe id=\"h5p-iframe-2\" class=\"h5p-iframe\" data-content-id=\"2\" style=\"height:1px\" src=\"about:blank\" frameBorder=\"0\" scrolling=\"no\" title=\"Enregistreur Audio\"><\/iframe><\/div>[\/et_pb_code][\/et_pb_column][\/et_pb_row][\/et_pb_section]<\/p>\n","protected":false},"excerpt":{"rendered":"<p>Enregistreur Audio Vous pouvez enregistrer votre voix avec l&rsquo;enregistreur audio ci-dessous, et t\u00e9l\u00e9charger le fichier. Quand vous cliquez sur Enregistrer, assurez-vous d&rsquo;avoir autoris\u00e9 votre navigateur \u00e0 utiliser le microphone. Une fois que l&rsquo;enregistrement est termin\u00e9, cliquez sur Terminer. Vous pouvez ensuite le T\u00e9l\u00e9charger. &nbsp; Vie priv\u00e9e Aucun enregistrement n&rsquo;est transf\u00e9r\u00e9 sur notre serveur lorsque vous [&hellip;]<\/p>\n","protected":false},"author":1,"featured_media":0,"parent":0,"menu_order":0,"comment_status":"closed","ping_status":"closed","template":"","meta":{"_acf_changed":false,"_et_pb_use_builder":"on","_et_pb_old_content":"","_et_gb_content_width":"","inline_featured_image":false,"footnotes":""},"acf":[],"_links":{"self":[{"href":"https:\/\/bibliodos.eu\/fr\/wp-json\/wp\/v2\/pages\/10047"}],"collection":[{"href":"https:\/\/bibliodos.eu\/fr\/wp-json\/wp\/v2\/pages"}],"about":[{"href":"https:\/\/bibliodos.eu\/fr\/wp-json\/wp\/v2\/types\/page"}],"author":[{"embeddable":true,"href":"https:\/\/bibliodos.eu\/fr\/wp-json\/wp\/v2\/users\/1"}],"replies":[{"embeddable":true,"href":"https:\/\/bibliodos.eu\/fr\/wp-json\/wp\/v2\/comments?post=10047"}],"version-history":[{"count":0,"href":"https:\/\/bibliodos.eu\/fr\/wp-json\/wp\/v2\/pages\/10047\/revisions"}],"wp:attachment":[{"href":"https:\/\/bibliodos.eu\/fr\/wp-json\/wp\/v2\/media?parent=10047"}],"curies":[{"name":"wp","href":"https:\/\/api.w.org\/{rel}","templated":true}]}}